{"id":10540,"date":"2023-11-10T12:30:59","date_gmt":"2023-11-10T11:30:59","guid":{"rendered":"https:\/\/www.chateau-de-cabidos.com\/?page_id=10540"},"modified":"2025-09-25T10:51:46","modified_gmt":"2025-09-25T09:51:46","slug":"coffrets-de-vin","status":"publish","type":"page","link":"https:\/\/www.chateau-de-cabidos.com\/en\/nos-vins\/coffrets-de-vin\/","title":{"rendered":"Christmas boxes"},"content":{"rendered":"<h2 style=\"text-align: center;\">Vos \u00e9v\u00e8nements, sublim\u00e9s au c\u0153ur des vignes<\/h2>\n<h2><a href=\"https:\/\/www.chateau-de-cabidos.com\/wp-content\/uploads\/2023\/11\/coffrets-de-noel-banniere-head-page.jpg\"><img loading=\"lazy\" decoding=\"async\" class=\"aligncenter wp-image-10553 size-full\" src=\"https:\/\/www.chateau-de-cabidos.com\/wp-content\/uploads\/2023\/11\/coffrets-de-noel-banniere-head-page.jpg\" alt=\"Coffrets de No\u00ebl - Banni\u00e8re head page\" width=\"1600\" height=\"580\" srcset=\"https:\/\/www.chateau-de-cabidos.com\/wp-content\/uploads\/2023\/11\/coffrets-de-noel-banniere-head-page.jpg 1600w, https:\/\/www.chateau-de-cabidos.com\/wp-content\/uploads\/2023\/11\/coffrets-de-noel-banniere-head-page-300x109.jpg 300w, https:\/\/www.chateau-de-cabidos.com\/wp-content\/uploads\/2023\/11\/coffrets-de-noel-banniere-head-page-1024x371.jpg 1024w, https:\/\/www.chateau-de-cabidos.com\/wp-content\/uploads\/2023\/11\/coffrets-de-noel-banniere-head-page-768x278.jpg 768w, https:\/\/www.chateau-de-cabidos.com\/wp-content\/uploads\/2023\/11\/coffrets-de-noel-banniere-head-page-1536x557.jpg 1536w, https:\/\/www.chateau-de-cabidos.com\/wp-content\/uploads\/2023\/11\/coffrets-de-noel-banniere-head-page-400x145.jpg 400w, https:\/\/www.chateau-de-cabidos.com\/wp-content\/uploads\/2023\/11\/coffrets-de-noel-banniere-head-page-800x290.jpg 800w\" sizes=\"auto, (max-width: 1600px) 100vw, 1600px\" \/><\/a><\/h2>\n<h2>\u00a0<\/h2>\n<h2><a href=\"https:\/\/www.chateau-de-cabidos.com\/contactez-nous\/\" target=\"_blank\" rel=\"noopener\">La magie des f\u00eates \u00e0 travers nos vins<\/a><\/h2>\n<p>Quoi de mieux pour c\u00e9l\u00e9brer un \u00e9v\u00e8nement, une f\u00eate ou toute autre occasion que des vins d&#8217;exception choisis avec soin par notre Ma\u00eetre de chai au Ch\u00e2teau de Cabidos ?<br \/>\nCette ann\u00e9e, nous avons le plaisir de vous pr\u00e9senter une s\u00e9lection de coffrets cadeaux qui sauront enchanter vos tables de f\u00eate et ravir les palais des amateurs de vin.<\/p>\n<p>&nbsp;<\/p>\n<p>&nbsp;<\/p>\n<h2><a href=\"https:\/\/www.chateau-de-cabidos.com\/contactez-nous\/\" target=\"_blank\" rel=\"noopener\">Nos coffrets cadeaux : l&#8217;expression de notre terroir<\/a><\/h2>\n<p style=\"text-align: left;\">Chacun de nos coffrets est une ode aux traditions viticoles et \u00e0 l&#8217;excellence. Ils se composent de vins s\u00e9lectionn\u00e9s pour leur caract\u00e8re, leur complexit\u00e9 et leur capacit\u00e9 \u00e0 capturer l&#8217;esprit des f\u00eates.<\/p>\n<p style=\"text-align: left;\">\u00a0<\/p>\n<table style=\"height: 969px; width: 51.8274%; border-collapse: collapse;\">\n<tbody>\n<tr style=\"height: 156px;\">\n<td style=\"width: 67.6343%; height: 156px;\">\n<p><strong>Or<\/strong><\/p>\n<p style=\"text-align: left;\">2 Or de Cabidos 2011<br \/>\n2 Gaston Phoebus doux 2021<br \/>\n2 Gaston Phoebus sec 2021<\/p>\n<\/td>\n<td style=\"width: 340.546%; height: 156px;\">\n<p><span class=\"OYPEnA text-decoration-none text-strikethrough-none\">95\u20ac HT<br \/>\n<\/span><span class=\"OYPEnA text-decoration-none text-strikethrough-none\">114\u20ac TTC<\/span><\/p>\n<\/td>\n<\/tr>\n<tr style=\"height: 246px;\">\n<td style=\"width: 67.6343%; height: 246px;\">\n<p><strong>Floril\u00e8ge<\/strong><\/p>\n<p><span class=\"OYPEnA text-decoration-none text-strikethrough-none\">Or de Cabidos 2011<br \/>\n<\/span><span class=\"OYPEnA text-decoration-none text-strikethrough-none\">Gaston Phoebus doux 2021<br \/>\n<\/span><span class=\"OYPEnA text-decoration-none text-strikethrough-none\">Saint Cl\u00e9ment 2018<br \/>\n<\/span><span class=\"OYPEnA text-decoration-none text-strikethrough-none\">Luy 2017<br \/>\n<\/span><span class=\"OYPEnA text-decoration-none text-strikethrough-none\">Gaston Phoebus sec 2021<br \/>\n<\/span><span class=\"OYPEnA text-decoration-none text-strikethrough-none\">Le Pic 2022<\/span><\/p>\n<\/td>\n<td style=\"width: 340.546%; height: 246px;\">77.5\u20ac HT<span class=\"OYPEnA text-decoration-none text-strikethrough-none\"><br \/>\n<\/span>93\u20ac TTC<\/td>\n<\/tr>\n<tr style=\"height: 224px;\">\n<td style=\"width: 67.6343%; height: 224px;\">\n<p><strong>D\u00e9couverte<\/strong><\/p>\n<p><span class=\"OYPEnA text-decoration-none text-strikethrough-none\">Gaston Phoebus doux 2021<br \/>\n<\/span><span class=\"OYPEnA text-decoration-none text-strikethrough-none\">Saint Cl\u00e9ment 2018<br \/>\n<\/span><span class=\"OYPEnA text-decoration-none text-strikethrough-none\">2 Luy 2017<br \/>\n<\/span><span class=\"OYPEnA text-decoration-none text-strikethrough-none\">Gaston Phoebus sec 2021<br \/>\n<\/span><span class=\"OYPEnA text-decoration-none text-strikethrough-none\">Le Pic 2022<\/span><\/p>\n<\/td>\n<td style=\"width: 340.546%; height: 224px;\">57.5\u20ac HT<br \/>\n69\u20ac TTC<\/td>\n<\/tr>\n<tr style=\"height: 177px;\">\n<td style=\"width: 67.6343%; height: 177px;\">\n<p><strong>Douceur<\/strong><\/p>\n<p>Or de Cabidos 2011<br \/>\nGaston Phoebus doux 2017<br \/>\nSaint Cl\u00e9ment 2017<\/p>\n<\/td>\n<td style=\"width: 340.546%; height: 177px;\"><span class=\"OYPEnA text-decoration-none text-strikethrough-none\">50\u20ac HT<br \/>\n<\/span><span class=\"OYPEnA text-decoration-none text-strikethrough-none\">60\u20ac TTC<\/span><\/td>\n<\/tr>\n<tr style=\"height: 166px;\">\n<td style=\"width: 67.6343%; text-align: left; height: 166px;\">\n<p><strong>S\u00e9duction<\/strong><\/p>\n<p>Saint Cl\u00e9ment 2017<br \/>\nLuy 2016<br \/>\nPic 2020<\/p>\n<\/td>\n<td style=\"width: 340.546%; height: 166px;\">\n<table class=\" alignleft\" style=\"border-collapse: collapse; width: 100%;\">\n<tbody>\n<tr>\n<td style=\"width: 660.4px;\"><span class=\"OYPEnA text-decoration-none text-strikethrough-none\">32.5\u20ac HT<br \/>\n39\u20ac TTC<\/span><\/td>\n<\/tr>\n<\/tbody>\n<\/table>\n<h3 style=\"text-align: left;\">\u00a0<\/h3>\n<\/td>\n<\/tr>\n<\/tbody>\n<\/table>\n<h2>\u00a0<\/h2>\n<h2><a href=\"https:\/\/www.chateau-de-cabidos.com\/contactez-nous\/\" target=\"_blank\" rel=\"noopener\">Personnalisez votre coffret<\/a><\/h2>\n<p>Cr\u00e9ez un cadeau v\u00e9ritablement unique avec notre option de coffret personnalis\u00e9. Choisissez parmi nos vins d&#8217;exception et ajoutez une touche personnelle avec un message int\u00e9gr\u00e9 dans l&#8217;\u00e9crin du coffret.<\/p>\n<p>&nbsp;<\/p>\n<p>&nbsp;<\/p>\n<h2><a href=\"https:\/\/www.chateau-de-cabidos.com\/contactez-nous\/\" target=\"_blank\" rel=\"noopener\">Plus qu&#8217;un cadeau, une exp\u00e9rience<\/a><\/h2>\n<p>Lorsque vous offrez un coffret de Ch\u00e2teau de Cabidos, vous offrez plus qu&#8217;un simple cadeau. Vous partagez l&#8217;histoire de notre domaine, la passion de nos vignerons et l&#8217;art de la d\u00e9gustation de vin. Pour rendre ce cadeau encore plus sp\u00e9cial, nous proposons des visites exclusives de notre domaine pour tout achat d&#8217;un coffret de No\u00ebl.<\/p>\n<p>&nbsp;<\/p>\n<p>&nbsp;<\/p>\n<h2><a href=\"https:\/\/www.chateau-de-cabidos.com\/notre-savoir-faire-2\/\" target=\"_blank\" rel=\"noopener\">Engag\u00e9s pour la qualit\u00e9 et l&#8217;environnement<\/a><\/h2>\n<p>Nous sommes fiers de pratiquer une viticulture responsable, et nos coffrets sont con\u00e7us dans le respect de l&#8217;environnement. Chaque achat contribue \u00e0 notre engagement pour la durabilit\u00e9 et la pr\u00e9servation de notre terroir.<\/p>\n<p>&nbsp;<\/p>\n<p>&nbsp;<\/p>\n<h2><a href=\"https:\/\/www.chateau-de-cabidos.com\/contactez-nous\/\" target=\"_blank\" rel=\"noopener\">Commandez d\u00e8s maintenant<\/a><\/h2>\n<p>Ne manquez pas l&#8217;occasion d&#8217;offrir l&#8217;\u00e9l\u00e9gance et le raffinement de Ch\u00e2teau de Cabidos sous votre sapin. Les quantit\u00e9s sont limit\u00e9es pour garantir l&#8217;exclusivit\u00e9. <a href=\"https:\/\/www.chateau-de-cabidos.com\/contactez-nous\/\" target=\"_blank\" rel=\"noopener\">Commandez<\/a> d\u00e8s aujourd&#8217;hui pour une livraison garantie avant No\u00ebl.<\/p>\n","protected":false},"excerpt":{"rendered":"<p>Vos \u00e9v\u00e8nements, sublim\u00e9s au c\u0153ur des vignes \u00a0 La magie des f\u00eates \u00e0 travers nos vins Quoi de mieux pour [&hellip;]<\/p>\n","protected":false},"author":53,"featured_media":0,"parent":62,"menu_order":1,"comment_status":"closed","ping_status":"closed","template":"","meta":{"_acf_changed":false,"footnotes":""},"class_list":["post-10540","page","type-page","status-publish","hentry"],"acf":[],"yoast_head":"<!-- This site is optimized with the Yoast SEO plugin v27.4 - https:\/\/yoast.com\/product\/yoast-seo-wordpress\/ -->\n<title>Christmas boxes - Ch\u00e2teau de Cabidos<\/title>\n<meta name=\"robots\" content=\"index, follow, max-snippet:-1, max-image-preview:large, max-video-preview:-1\" \/>\n<link rel=\"canonical\" href=\"https:\/\/www.chateau-de-cabidos.com\/en\/nos-vins\/coffrets-de-vin\/\" \/>\n<meta property=\"og:locale\" content=\"en_US\" \/>\n<meta property=\"og:type\" content=\"article\" \/>\n<meta property=\"og:title\" content=\"Christmas boxes - Ch\u00e2teau de Cabidos\" \/>\n<meta property=\"og:description\" content=\"Vos \u00e9v\u00e8nements, sublim\u00e9s au c\u0153ur des vignes \u00a0 La magie des f\u00eates \u00e0 travers nos vins Quoi de mieux pour [&hellip;]\" \/>\n<meta property=\"og:url\" content=\"https:\/\/www.chateau-de-cabidos.com\/en\/nos-vins\/coffrets-de-vin\/\" \/>\n<meta property=\"og:site_name\" content=\"Ch\u00e2teau de Cabidos\" \/>\n<meta property=\"article:modified_time\" content=\"2025-09-25T09:51:46+00:00\" \/>\n<meta property=\"og:image\" content=\"https:\/\/www.chateau-de-cabidos.com\/wp-content\/uploads\/2023\/11\/coffrets-de-noel-banniere-head-page.jpg\" \/>\n\t<meta property=\"og:image:width\" content=\"1600\" \/>\n\t<meta property=\"og:image:height\" content=\"580\" \/>\n\t<meta property=\"og:image:type\" content=\"image\/jpeg\" \/>\n<meta name=\"twitter:card\" content=\"summary_large_image\" \/>\n<meta name=\"twitter:label1\" content=\"Est. reading time\" \/>\n\t<meta name=\"twitter:data1\" content=\"3 minutes\" \/>\n<script type=\"application\/ld+json\" class=\"yoast-schema-graph\">{\"@context\":\"https:\\\/\\\/schema.org\",\"@graph\":[{\"@type\":\"WebPage\",\"@id\":\"https:\\\/\\\/www.chateau-de-cabidos.com\\\/en\\\/nos-vins\\\/coffrets-de-vin\\\/\",\"url\":\"https:\\\/\\\/www.chateau-de-cabidos.com\\\/en\\\/nos-vins\\\/coffrets-de-vin\\\/\",\"name\":\"Christmas boxes - Ch\u00e2teau de Cabidos\",\"isPartOf\":{\"@id\":\"https:\\\/\\\/www.chateau-de-cabidos.com\\\/en\\\/#website\"},\"primaryImageOfPage\":{\"@id\":\"https:\\\/\\\/www.chateau-de-cabidos.com\\\/en\\\/nos-vins\\\/coffrets-de-vin\\\/#primaryimage\"},\"image\":{\"@id\":\"https:\\\/\\\/www.chateau-de-cabidos.com\\\/nos-vins\\\/coffrets-de-vin\\\/#primaryimage\"},\"thumbnailUrl\":\"https:\\\/\\\/www.chateau-de-cabidos.com\\\/wp-content\\\/uploads\\\/2023\\\/11\\\/coffrets-de-noel-banniere-head-page.jpg\",\"datePublished\":\"2023-11-10T11:30:59+00:00\",\"dateModified\":\"2025-09-25T09:51:46+00:00\",\"breadcrumb\":{\"@id\":\"https:\\\/\\\/www.chateau-de-cabidos.com\\\/en\\\/nos-vins\\\/coffrets-de-vin\\\/#breadcrumb\"},\"inLanguage\":\"en-US\",\"potentialAction\":[{\"@type\":\"ReadAction\",\"target\":[[\"https:\\\/\\\/www.chateau-de-cabidos.com\\\/en\\\/nos-vins\\\/coffrets-de-vin\\\/\"]]}]},{\"@type\":\"ImageObject\",\"inLanguage\":\"en-US\",\"@id\":\"https:\\\/\\\/www.chateau-de-cabidos.com\\\/en\\\/nos-vins\\\/coffrets-de-vin\\\/#primaryimage\",\"url\":\"https:\\\/\\\/www.chateau-de-cabidos.com\\\/wp-content\\\/uploads\\\/2023\\\/11\\\/coffrets-de-noel-banniere-head-page.jpg\",\"contentUrl\":\"https:\\\/\\\/www.chateau-de-cabidos.com\\\/wp-content\\\/uploads\\\/2023\\\/11\\\/coffrets-de-noel-banniere-head-page.jpg\"},{\"@type\":\"BreadcrumbList\",\"@id\":\"https:\\\/\\\/www.chateau-de-cabidos.com\\\/en\\\/nos-vins\\\/coffrets-de-vin\\\/#breadcrumb\",\"itemListElement\":[{\"@type\":\"ListItem\",\"position\":1,\"name\":\"Accueil\",\"item\":\"https:\\\/\\\/www.chateau-de-cabidos.com\\\/en\\\/\"},{\"@type\":\"ListItem\",\"position\":2,\"name\":\"Nos vins\",\"item\":\"https:\\\/\\\/www.chateau-de-cabidos.com\\\/en\\\/nos-vins\\\/\"},{\"@type\":\"ListItem\",\"position\":3,\"name\":\"Coffrets de vin\"}]},{\"@type\":\"WebSite\",\"@id\":\"https:\\\/\\\/www.chateau-de-cabidos.com\\\/en\\\/#website\",\"url\":\"https:\\\/\\\/www.chateau-de-cabidos.com\\\/en\\\/\",\"name\":\"Ch\u00e2teau de Cabidos\",\"description\":\"\",\"potentialAction\":[{\"@type\":\"SearchAction\",\"target\":{\"@type\":\"EntryPoint\",\"urlTemplate\":\"https:\\\/\\\/www.chateau-de-cabidos.com\\\/en\\\/?s={search_term_string}\"},\"query-input\":{\"@type\":\"PropertyValueSpecification\",\"valueRequired\":true,\"valueName\":\"search_term_string\"}}],\"inLanguage\":\"en-US\"}]}<\/script>\n<!-- \/ Yoast SEO plugin. -->","yoast_head_json":{"title":"Christmas boxes - Ch\u00e2teau de Cabidos","robots":{"index":"index","follow":"follow","max-snippet":"max-snippet:-1","max-image-preview":"max-image-preview:large","max-video-preview":"max-video-preview:-1"},"canonical":"https:\/\/www.chateau-de-cabidos.com\/en\/nos-vins\/coffrets-de-vin\/","og_locale":"en_US","og_type":"article","og_title":"Christmas boxes - Ch\u00e2teau de Cabidos","og_description":"Vos \u00e9v\u00e8nements, sublim\u00e9s au c\u0153ur des vignes \u00a0 La magie des f\u00eates \u00e0 travers nos vins Quoi de mieux pour [&hellip;]","og_url":"https:\/\/www.chateau-de-cabidos.com\/en\/nos-vins\/coffrets-de-vin\/","og_site_name":"Ch\u00e2teau de Cabidos","article_modified_time":"2025-09-25T09:51:46+00:00","og_image":[{"width":1600,"height":580,"url":"https:\/\/www.chateau-de-cabidos.com\/wp-content\/uploads\/2023\/11\/coffrets-de-noel-banniere-head-page.jpg","type":"image\/jpeg"}],"twitter_card":"summary_large_image","twitter_misc":{"Est. reading time":"3 minutes"},"schema":{"@context":"https:\/\/schema.org","@graph":[{"@type":"WebPage","@id":"https:\/\/www.chateau-de-cabidos.com\/en\/nos-vins\/coffrets-de-vin\/","url":"https:\/\/www.chateau-de-cabidos.com\/en\/nos-vins\/coffrets-de-vin\/","name":"Christmas boxes - Ch\u00e2teau de Cabidos","isPartOf":{"@id":"https:\/\/www.chateau-de-cabidos.com\/en\/#website"},"primaryImageOfPage":{"@id":"https:\/\/www.chateau-de-cabidos.com\/en\/nos-vins\/coffrets-de-vin\/#primaryimage"},"image":{"@id":"https:\/\/www.chateau-de-cabidos.com\/nos-vins\/coffrets-de-vin\/#primaryimage"},"thumbnailUrl":"https:\/\/www.chateau-de-cabidos.com\/wp-content\/uploads\/2023\/11\/coffrets-de-noel-banniere-head-page.jpg","datePublished":"2023-11-10T11:30:59+00:00","dateModified":"2025-09-25T09:51:46+00:00","breadcrumb":{"@id":"https:\/\/www.chateau-de-cabidos.com\/en\/nos-vins\/coffrets-de-vin\/#breadcrumb"},"inLanguage":"en-US","potentialAction":[{"@type":"ReadAction","target":[["https:\/\/www.chateau-de-cabidos.com\/en\/nos-vins\/coffrets-de-vin\/"]]}]},{"@type":"ImageObject","inLanguage":"en-US","@id":"https:\/\/www.chateau-de-cabidos.com\/en\/nos-vins\/coffrets-de-vin\/#primaryimage","url":"https:\/\/www.chateau-de-cabidos.com\/wp-content\/uploads\/2023\/11\/coffrets-de-noel-banniere-head-page.jpg","contentUrl":"https:\/\/www.chateau-de-cabidos.com\/wp-content\/uploads\/2023\/11\/coffrets-de-noel-banniere-head-page.jpg"},{"@type":"BreadcrumbList","@id":"https:\/\/www.chateau-de-cabidos.com\/en\/nos-vins\/coffrets-de-vin\/#breadcrumb","itemListElement":[{"@type":"ListItem","position":1,"name":"Accueil","item":"https:\/\/www.chateau-de-cabidos.com\/en\/"},{"@type":"ListItem","position":2,"name":"Nos vins","item":"https:\/\/www.chateau-de-cabidos.com\/en\/nos-vins\/"},{"@type":"ListItem","position":3,"name":"Coffrets de vin"}]},{"@type":"WebSite","@id":"https:\/\/www.chateau-de-cabidos.com\/en\/#website","url":"https:\/\/www.chateau-de-cabidos.com\/en\/","name":"Ch\u00e2teau de Cabidos","description":"","potentialAction":[{"@type":"SearchAction","target":{"@type":"EntryPoint","urlTemplate":"https:\/\/www.chateau-de-cabidos.com\/en\/?s={search_term_string}"},"query-input":{"@type":"PropertyValueSpecification","valueRequired":true,"valueName":"search_term_string"}}],"inLanguage":"en-US"}]}},"_links":{"self":[{"href":"https:\/\/www.chateau-de-cabidos.com\/en\/wp-json\/wp\/v2\/pages\/10540","targetHints":{"allow":["GET"]}}],"collection":[{"href":"https:\/\/www.chateau-de-cabidos.com\/en\/wp-json\/wp\/v2\/pages"}],"about":[{"href":"https:\/\/www.chateau-de-cabidos.com\/en\/wp-json\/wp\/v2\/types\/page"}],"author":[{"embeddable":true,"href":"https:\/\/www.chateau-de-cabidos.com\/en\/wp-json\/wp\/v2\/users\/53"}],"replies":[{"embeddable":true,"href":"https:\/\/www.chateau-de-cabidos.com\/en\/wp-json\/wp\/v2\/comments?post=10540"}],"version-history":[{"count":50,"href":"https:\/\/www.chateau-de-cabidos.com\/en\/wp-json\/wp\/v2\/pages\/10540\/revisions"}],"predecessor-version":[{"id":27649,"href":"https:\/\/www.chateau-de-cabidos.com\/en\/wp-json\/wp\/v2\/pages\/10540\/revisions\/27649"}],"up":[{"embeddable":true,"href":"https:\/\/www.chateau-de-cabidos.com\/en\/wp-json\/wp\/v2\/pages\/62"}],"wp:attachment":[{"href":"https:\/\/www.chateau-de-cabidos.com\/en\/wp-json\/wp\/v2\/media?parent=10540"}],"curies":[{"name":"wp","href":"https:\/\/api.w.org\/{rel}","templated":true}]}}