{"id":11,"date":"2015-04-30T15:03:39","date_gmt":"2015-04-30T14:03:39","guid":{"rendered":"http:\/\/www.chateau-de-cabidos.com\/?page_id=11"},"modified":"2023-11-10T11:27:34","modified_gmt":"2023-11-10T10:27:34","slug":"accueil","status":"publish","type":"page","link":"https:\/\/www.chateau-de-cabidos.com\/en\/","title":{"rendered":"Home"},"content":{"rendered":"<p><\/p>\n<h1>The Chateau<\/h1>\n<p>The tradition of making wine at Ch\u00e2teau de Cabidos was successfully relaunched in the early 90s having been abandoned for over a century.<\/p>\n<p>Today, twenty acres are devoted to several varieties of vines.<\/p>\n<p>Most of the vineyard is devoted to the high quality Pyrenean white grape, Petit Manseng. It makes both sweet and dry wines which are much appreciated by connoisseurs. The vineyard also produces a blend of Sauvignon and Chardonnay, as well as an excellent red from the Syrah grape.<\/p>\n<p>Domaine de Cabidos can be found in an idyllic corner of the Pyr\u00e9n\u00e9es-Atlantiques with the best vines planted on the south facing slopes. The official title for the wines is Vin de Pays du Comt\u00e9 Tolosan (today referred to as Indication G\u00e9ographique Prot\u00e9g\u00e9e Comt\u00e9 Tolosan).<\/p>\n<p>Cabidos is committed to careful, sustainable viticulture and we are about to start a new chapter with our conversion to organic viticulture.<\/p>\n<p>&nbsp;<\/p>\n<p><\/p>","protected":false},"excerpt":{"rendered":"<p>The Chateau The tradition of making wine at Ch\u00e2teau de Cabidos was successfully relaunched in the early 90s having been [&hellip;]<\/p>\n","protected":false},"author":1,"featured_media":0,"parent":0,"menu_order":0,"comment_status":"closed","ping_status":"closed","template":"","meta":{"_acf_changed":false,"footnotes":""},"class_list":["post-11","page","type-page","status-publish","hentry"],"acf":[],"yoast_head":"<!-- This site is optimized with the Yoast SEO plugin v27.4 - https:\/\/yoast.com\/product\/yoast-seo-wordpress\/ -->\n<title>Domaine viticole de Cabidos, vins blancs secs et doux du B\u00e9arn<\/title>\n<meta name=\"description\" content=\"Le domaine viticole de Cabidos est situ\u00e9 dans le B\u00e9arn et propose une gamme de\u00a0vins\u00a0blancs secs et doux, rouge et notre tr\u00e8s haut de gamme : l&#039;Or de Cabidos.\" \/>\n<meta name=\"robots\" content=\"index, follow, max-snippet:-1, max-image-preview:large, max-video-preview:-1\" \/>\n<link rel=\"canonical\" href=\"https:\/\/www.chateau-de-cabidos.com\/en\/\" \/>\n<meta property=\"og:locale\" content=\"en_US\" \/>\n<meta property=\"og:type\" content=\"article\" \/>\n<meta property=\"og:title\" content=\"Domaine viticole de Cabidos, vins blancs secs et doux du B\u00e9arn\" \/>\n<meta property=\"og:description\" content=\"Le domaine viticole de Cabidos est situ\u00e9 dans le B\u00e9arn et propose une gamme de\u00a0vins\u00a0blancs secs et doux, rouge et notre tr\u00e8s haut de gamme : l&#039;Or de Cabidos.\" \/>\n<meta property=\"og:url\" content=\"https:\/\/www.chateau-de-cabidos.com\/en\/\" \/>\n<meta property=\"og:site_name\" content=\"Ch\u00e2teau de Cabidos\" \/>\n<meta property=\"article:modified_time\" content=\"2023-11-10T10:27:34+00:00\" \/>\n<meta name=\"twitter:card\" content=\"summary_large_image\" \/>\n<meta name=\"twitter:label1\" content=\"Est. reading time\" \/>\n\t<meta name=\"twitter:data1\" content=\"1 minute\" \/>\n<script type=\"application\/ld+json\" class=\"yoast-schema-graph\">{\"@context\":\"https:\\\/\\\/schema.org\",\"@graph\":[{\"@type\":\"WebPage\",\"@id\":\"https:\\\/\\\/www.chateau-de-cabidos.com\\\/en\\\/\",\"url\":\"https:\\\/\\\/www.chateau-de-cabidos.com\\\/en\\\/\",\"name\":\"Domaine viticole de Cabidos, vins blancs secs et doux du B\u00e9arn\",\"isPartOf\":{\"@id\":\"https:\\\/\\\/www.chateau-de-cabidos.com\\\/en\\\/#website\"},\"datePublished\":\"2015-04-30T14:03:39+00:00\",\"dateModified\":\"2023-11-10T10:27:34+00:00\",\"description\":\"Le domaine viticole de Cabidos est situ\u00e9 dans le B\u00e9arn et propose une gamme de\u00a0vins\u00a0blancs secs et doux, rouge et notre tr\u00e8s haut de gamme : l'Or de Cabidos.\",\"breadcrumb\":{\"@id\":\"https:\\\/\\\/www.chateau-de-cabidos.com\\\/en\\\/#breadcrumb\"},\"inLanguage\":\"en-US\",\"potentialAction\":[{\"@type\":\"ReadAction\",\"target\":[[\"https:\\\/\\\/www.chateau-de-cabidos.com\\\/en\\\/\"]]}]},{\"@type\":\"BreadcrumbList\",\"@id\":\"https:\\\/\\\/www.chateau-de-cabidos.com\\\/en\\\/#breadcrumb\",\"itemListElement\":[{\"@type\":\"ListItem\",\"position\":1,\"name\":\"Accueil\",\"item\":\"https:\\\/\\\/www.chateau-de-cabidos.com\\\/en\\\/\"},{\"@type\":\"ListItem\",\"position\":2,\"name\":\"Accueil\"}]},{\"@type\":\"WebSite\",\"@id\":\"https:\\\/\\\/www.chateau-de-cabidos.com\\\/en\\\/#website\",\"url\":\"https:\\\/\\\/www.chateau-de-cabidos.com\\\/en\\\/\",\"name\":\"Ch\u00e2teau de Cabidos\",\"description\":\"\",\"potentialAction\":[{\"@type\":\"SearchAction\",\"target\":{\"@type\":\"EntryPoint\",\"urlTemplate\":\"https:\\\/\\\/www.chateau-de-cabidos.com\\\/en\\\/?s={search_term_string}\"},\"query-input\":{\"@type\":\"PropertyValueSpecification\",\"valueRequired\":true,\"valueName\":\"search_term_string\"}}],\"inLanguage\":\"en-US\"}]}<\/script>\n<!-- \/ Yoast SEO plugin. -->","yoast_head_json":{"title":"Domaine viticole de Cabidos, vins blancs secs et doux du B\u00e9arn","description":"Le domaine viticole de Cabidos est situ\u00e9 dans le B\u00e9arn et propose une gamme de\u00a0vins\u00a0blancs secs et doux, rouge et notre tr\u00e8s haut de gamme : l'Or de Cabidos.","robots":{"index":"index","follow":"follow","max-snippet":"max-snippet:-1","max-image-preview":"max-image-preview:large","max-video-preview":"max-video-preview:-1"},"canonical":"https:\/\/www.chateau-de-cabidos.com\/en\/","og_locale":"en_US","og_type":"article","og_title":"Domaine viticole de Cabidos, vins blancs secs et doux du B\u00e9arn","og_description":"Le domaine viticole de Cabidos est situ\u00e9 dans le B\u00e9arn et propose une gamme de\u00a0vins\u00a0blancs secs et doux, rouge et notre tr\u00e8s haut de gamme : l'Or de Cabidos.","og_url":"https:\/\/www.chateau-de-cabidos.com\/en\/","og_site_name":"Ch\u00e2teau de Cabidos","article_modified_time":"2023-11-10T10:27:34+00:00","twitter_card":"summary_large_image","twitter_misc":{"Est. reading time":"1 minute"},"schema":{"@context":"https:\/\/schema.org","@graph":[{"@type":"WebPage","@id":"https:\/\/www.chateau-de-cabidos.com\/en\/","url":"https:\/\/www.chateau-de-cabidos.com\/en\/","name":"Domaine viticole de Cabidos, vins blancs secs et doux du B\u00e9arn","isPartOf":{"@id":"https:\/\/www.chateau-de-cabidos.com\/en\/#website"},"datePublished":"2015-04-30T14:03:39+00:00","dateModified":"2023-11-10T10:27:34+00:00","description":"Le domaine viticole de Cabidos est situ\u00e9 dans le B\u00e9arn et propose une gamme de\u00a0vins\u00a0blancs secs et doux, rouge et notre tr\u00e8s haut de gamme : l'Or de Cabidos.","breadcrumb":{"@id":"https:\/\/www.chateau-de-cabidos.com\/en\/#breadcrumb"},"inLanguage":"en-US","potentialAction":[{"@type":"ReadAction","target":[["https:\/\/www.chateau-de-cabidos.com\/en\/"]]}]},{"@type":"BreadcrumbList","@id":"https:\/\/www.chateau-de-cabidos.com\/en\/#breadcrumb","itemListElement":[{"@type":"ListItem","position":1,"name":"Accueil","item":"https:\/\/www.chateau-de-cabidos.com\/en\/"},{"@type":"ListItem","position":2,"name":"Accueil"}]},{"@type":"WebSite","@id":"https:\/\/www.chateau-de-cabidos.com\/en\/#website","url":"https:\/\/www.chateau-de-cabidos.com\/en\/","name":"Ch\u00e2teau de Cabidos","description":"","potentialAction":[{"@type":"SearchAction","target":{"@type":"EntryPoint","urlTemplate":"https:\/\/www.chateau-de-cabidos.com\/en\/?s={search_term_string}"},"query-input":{"@type":"PropertyValueSpecification","valueRequired":true,"valueName":"search_term_string"}}],"inLanguage":"en-US"}]}},"_links":{"self":[{"href":"https:\/\/www.chateau-de-cabidos.com\/en\/wp-json\/wp\/v2\/pages\/11","targetHints":{"allow":["GET"]}}],"collection":[{"href":"https:\/\/www.chateau-de-cabidos.com\/en\/wp-json\/wp\/v2\/pages"}],"about":[{"href":"https:\/\/www.chateau-de-cabidos.com\/en\/wp-json\/wp\/v2\/types\/page"}],"author":[{"embeddable":true,"href":"https:\/\/www.chateau-de-cabidos.com\/en\/wp-json\/wp\/v2\/users\/1"}],"replies":[{"embeddable":true,"href":"https:\/\/www.chateau-de-cabidos.com\/en\/wp-json\/wp\/v2\/comments?post=11"}],"version-history":[{"count":26,"href":"https:\/\/www.chateau-de-cabidos.com\/en\/wp-json\/wp\/v2\/pages\/11\/revisions"}],"predecessor-version":[{"id":10538,"href":"https:\/\/www.chateau-de-cabidos.com\/en\/wp-json\/wp\/v2\/pages\/11\/revisions\/10538"}],"wp:attachment":[{"href":"https:\/\/www.chateau-de-cabidos.com\/en\/wp-json\/wp\/v2\/media?parent=11"}],"curies":[{"name":"wp","href":"https:\/\/api.w.org\/{rel}","templated":true}]}}