{"id":15,"date":"2015-04-30T15:04:40","date_gmt":"2015-04-30T14:04:40","guid":{"rendered":"http:\/\/www.chateau-de-cabidos.com\/?page_id=15"},"modified":"2019-08-08T12:27:43","modified_gmt":"2019-08-08T11:27:43","slug":"contactez-nous","status":"publish","type":"page","link":"https:\/\/www.chateau-de-cabidos.com\/en\/contactez-nous\/","title":{"rendered":"Contact us"},"content":{"rendered":"<p><\/p>\n<div class=\"col-lg-6 col-md-6 col-sm-6 col-xs-12 no-padding-left\">\n<div class=\"wpcf7 no-js\" id=\"wpcf7-f728-o2\" lang=\"fr-FR\" dir=\"ltr\" data-wpcf7-id=\"728\">\n<div class=\"screen-reader-response\"><p role=\"status\" aria-live=\"polite\" aria-atomic=\"true\"><\/p> <ul><\/ul><\/div>\n<form action=\"\/en\/wp-json\/wp\/v2\/pages\/15#wpcf7-f728-o2\" method=\"post\" class=\"wpcf7-form init\" aria-label=\"Formulaire de contact\" novalidate=\"novalidate\" data-status=\"init\">\n<fieldset class=\"hidden-fields-container\"><input type=\"hidden\" name=\"_wpcf7\" value=\"728\" \/><input type=\"hidden\" name=\"_wpcf7_version\" value=\"6.1.5\" \/><input type=\"hidden\" name=\"_wpcf7_locale\" value=\"fr_FR\" \/><input type=\"hidden\" name=\"_wpcf7_unit_tag\" value=\"wpcf7-f728-o2\" \/><input type=\"hidden\" name=\"_wpcf7_container_post\" value=\"0\" \/><input type=\"hidden\" name=\"_wpcf7_posted_data_hash\" value=\"\" \/>\n<\/fieldset>\n<p>Your name *\n<\/p>\n<p><span class=\"wpcf7-form-control-wrap\" data-name=\"nom\"><input size=\"40\" maxlength=\"400\" class=\"wpcf7-form-control wpcf7-text wpcf7-validates-as-required form-control\" aria-required=\"true\" aria-invalid=\"false\" value=\"\" type=\"text\" name=\"nom\" \/><\/span>\n<\/p>\n<p>Your email *\n<\/p>\n<p><span class=\"wpcf7-form-control-wrap\" data-name=\"email\"><input size=\"40\" maxlength=\"400\" class=\"wpcf7-form-control wpcf7-email wpcf7-validates-as-required wpcf7-text wpcf7-validates-as-email form-control\" aria-required=\"true\" aria-invalid=\"false\" value=\"\" type=\"email\" name=\"email\" \/><\/span>\n<\/p>\n<p>Subject\n<\/p>\n<p><span class=\"wpcf7-form-control-wrap\" data-name=\"sujet\"><input size=\"40\" maxlength=\"400\" class=\"wpcf7-form-control wpcf7-text form-control\" aria-invalid=\"false\" value=\"\" type=\"text\" name=\"sujet\" \/><\/span>\n<\/p>\n<p>Your message\n<\/p>\n<p><span class=\"wpcf7-form-control-wrap\" data-name=\"message\"><textarea cols=\"40\" rows=\"10\" maxlength=\"2000\" class=\"wpcf7-form-control wpcf7-textarea form-control\" aria-invalid=\"false\" name=\"message\"><\/textarea><\/span>\n<\/p>\n<p><span class=\"wpcf7-form-control-wrap\" data-name=\"acceptation\"><span class=\"wpcf7-form-control wpcf7-checkbox wpcf7-validates-as-required\"><span class=\"wpcf7-list-item first last\"><input type=\"checkbox\" name=\"acceptation[]\" value=\"I accept the data management policy**\" \/><span class=\"wpcf7-list-item-label\">I accept the data management policy**<\/span><\/span><\/span><\/span>\n<\/p>\n<div class=\"wpcf7-turnstile cf-turnstile\" data-sitekey=\"0x4AAAAAAB6xGEdI0x9htpZw\" data-response-field-name=\"_wpcf7_turnstile_response\"><\/div>\n<p><input class=\"wpcf7-form-control wpcf7-submit has-spinner btn btn-default\" type=\"submit\" value=\"Send\" \/>\n<\/p>\n<p style=\"font-size:0.8em; font-style: italic;\">**Les donn\u00e9es \u00e0 caract\u00e8re personnel collect\u00e9es sur le pr\u00e9sent formulaire sont obligatoires pour la prise en compte de votre demande et de son suivi et ne seront jamais c\u00e9d\u00e9es \u00e0 des soci\u00e9t\u00e9s tiers. Elles font l\u2019objet d\u2019un traitement de gestion de client et de prospection commerciale, conformes \u00e0 celles \u00e9dict\u00e9es par la CNIL (d\u00e9lib\u00e9ration n\u00b02016-264 du 21\/07\/2016). Conform\u00e9ment \u00e0 la loi \u00ab Informatique et Libert\u00e9s \u00bb n\u00b078-17 du 6 janvier 1978 modifi\u00e9e, vous b\u00e9n\u00e9ficiez d\u2019un droit d\u2019acc\u00e8s et de rectification aux donn\u00e9es vous concernant et du droit de vous opposer, pour motifs l\u00e9gitimes, au traitement de ces donn\u00e9es ainsi que du droit de d\u00e9finir des directives sur le sort, post mortem, de ces donn\u00e9es qui ne sont conserv\u00e9es que 3 ans. Vous pouvez exercer ces droits en vous adressant \u00e0 contact@chateau-de-cabidos.com, toute demande devra \u00eatre accompagn\u00e9e d\u2019une copie, recto-verso, d\u2019une pi\u00e8ce d\u2019identit\u00e9.\n<\/p><div class=\"wpcf7-response-output\" aria-hidden=\"true\"><\/div>\n<\/form>\n<\/div>\n<\/div>\n<div class=\"col-lg-6 col-md-6 col-sm-6 col-xs-12\">\n<p><strong>Domaine Viticole de Cabidos<\/strong><br \/>\n 64410\u00a0Cabidos &#8211; France<br \/>\n T\u00e9l\u00e9phone : +33 5 59\u00a004 43 41<br \/>\n Fax : +33 5 59 04 41 83<br \/>\n Email : <a href=\"mailto:contact@chateau-de-cabidos.com\">contact@chateau-de-cabidos.com<\/a><\/p>\n<\/div>\n<div class=\"col-lg-6 col-md-6 col-sm-6 col-xs-12\"><iframe loading=\"lazy\" style=\"border: 1px solid #ccc; border-radius: 5px;\" src=\"https:\/\/www.google.com\/maps\/embed?pb=!1m18!1m12!1m3!1d46277.65791152888!2d-0.47853520840040764!3d43.53667013909373!2m3!1f0!2f0!3f0!3m2!1i1024!2i768!4f13.1!3m3!1m2!1s0xd56663de742ebab%3A0x40665174813a600!2sCabidos!5e0!3m2!1sfr!2sfr!4v1444654290396\" width=\"100%\" height=\"450\" frameborder=\"0\"><\/iframe><\/div>\n<div class=\"clear-left\">\u00a0<\/div>\n<p><\/p>","protected":false},"excerpt":{"rendered":"<p>Domaine Viticole de Cabidos 64410\u00a0Cabidos &#8211; France T\u00e9l\u00e9phone : +33 5 59\u00a004 43 41 Fax : +33 5 59 04 [&hellip;]<\/p>\n","protected":false},"author":1,"featured_media":0,"parent":0,"menu_order":0,"comment_status":"closed","ping_status":"closed","template":"","meta":{"_acf_changed":false,"footnotes":""},"class_list":["post-15","page","type-page","status-publish","hentry"],"acf":[],"yoast_head":"<!-- This site is optimized with the Yoast SEO plugin v27.3 - https:\/\/yoast.com\/product\/yoast-seo-wordpress\/ -->\n<title>Entrez votre nom, votre email et votre message pour toute demande<\/title>\n<meta name=\"description\" content=\"Entrez votre nom, votre email et votre message pour toute information sur le domaine, sur votre commande, sur nos vins ou autre \u2026\" \/>\n<meta name=\"robots\" content=\"index, follow, max-snippet:-1, max-image-preview:large, max-video-preview:-1\" \/>\n<link rel=\"canonical\" href=\"https:\/\/www.chateau-de-cabidos.com\/en\/contactez-nous\/\" \/>\n<meta property=\"og:locale\" content=\"en_US\" \/>\n<meta property=\"og:type\" content=\"article\" \/>\n<meta property=\"og:title\" content=\"Entrez votre nom, votre email et votre message pour toute demande\" \/>\n<meta property=\"og:description\" content=\"Entrez votre nom, votre email et votre message pour toute information sur le domaine, sur votre commande, sur nos vins ou autre \u2026\" \/>\n<meta property=\"og:url\" content=\"https:\/\/www.chateau-de-cabidos.com\/en\/contactez-nous\/\" \/>\n<meta property=\"og:site_name\" content=\"Ch\u00e2teau de Cabidos\" \/>\n<meta property=\"article:modified_time\" content=\"2019-08-08T11:27:43+00:00\" \/>\n<meta name=\"twitter:card\" content=\"summary_large_image\" \/>\n<script type=\"application\/ld+json\" class=\"yoast-schema-graph\">{\"@context\":\"https:\\\/\\\/schema.org\",\"@graph\":[{\"@type\":\"WebPage\",\"@id\":\"https:\\\/\\\/www.chateau-de-cabidos.com\\\/en\\\/contactez-nous\\\/\",\"url\":\"https:\\\/\\\/www.chateau-de-cabidos.com\\\/en\\\/contactez-nous\\\/\",\"name\":\"Entrez votre nom, votre email et votre message pour toute demande\",\"isPartOf\":{\"@id\":\"https:\\\/\\\/www.chateau-de-cabidos.com\\\/en\\\/#website\"},\"datePublished\":\"2015-04-30T14:04:40+00:00\",\"dateModified\":\"2019-08-08T11:27:43+00:00\",\"description\":\"Entrez votre nom, votre email et votre message pour toute information sur le domaine, sur votre commande, sur nos vins ou autre \u2026\",\"breadcrumb\":{\"@id\":\"https:\\\/\\\/www.chateau-de-cabidos.com\\\/en\\\/contactez-nous\\\/#breadcrumb\"},\"inLanguage\":\"en-US\",\"potentialAction\":[{\"@type\":\"ReadAction\",\"target\":[[\"https:\\\/\\\/www.chateau-de-cabidos.com\\\/en\\\/contactez-nous\\\/\"]]}]},{\"@type\":\"BreadcrumbList\",\"@id\":\"https:\\\/\\\/www.chateau-de-cabidos.com\\\/en\\\/contactez-nous\\\/#breadcrumb\",\"itemListElement\":[{\"@type\":\"ListItem\",\"position\":1,\"name\":\"Accueil\",\"item\":\"https:\\\/\\\/www.chateau-de-cabidos.com\\\/en\\\/\"},{\"@type\":\"ListItem\",\"position\":2,\"name\":\"Contact us\"}]},{\"@type\":\"WebSite\",\"@id\":\"https:\\\/\\\/www.chateau-de-cabidos.com\\\/en\\\/#website\",\"url\":\"https:\\\/\\\/www.chateau-de-cabidos.com\\\/en\\\/\",\"name\":\"Ch\u00e2teau de Cabidos\",\"description\":\"\",\"potentialAction\":[{\"@type\":\"SearchAction\",\"target\":{\"@type\":\"EntryPoint\",\"urlTemplate\":\"https:\\\/\\\/www.chateau-de-cabidos.com\\\/en\\\/?s={search_term_string}\"},\"query-input\":{\"@type\":\"PropertyValueSpecification\",\"valueRequired\":true,\"valueName\":\"search_term_string\"}}],\"inLanguage\":\"en-US\"}]}<\/script>\n<!-- \/ Yoast SEO plugin. -->","yoast_head_json":{"title":"Entrez votre nom, votre email et votre message pour toute demande","description":"Entrez votre nom, votre email et votre message pour toute information sur le domaine, sur votre commande, sur nos vins ou autre \u2026","robots":{"index":"index","follow":"follow","max-snippet":"max-snippet:-1","max-image-preview":"max-image-preview:large","max-video-preview":"max-video-preview:-1"},"canonical":"https:\/\/www.chateau-de-cabidos.com\/en\/contactez-nous\/","og_locale":"en_US","og_type":"article","og_title":"Entrez votre nom, votre email et votre message pour toute demande","og_description":"Entrez votre nom, votre email et votre message pour toute information sur le domaine, sur votre commande, sur nos vins ou autre \u2026","og_url":"https:\/\/www.chateau-de-cabidos.com\/en\/contactez-nous\/","og_site_name":"Ch\u00e2teau de Cabidos","article_modified_time":"2019-08-08T11:27:43+00:00","twitter_card":"summary_large_image","schema":{"@context":"https:\/\/schema.org","@graph":[{"@type":"WebPage","@id":"https:\/\/www.chateau-de-cabidos.com\/en\/contactez-nous\/","url":"https:\/\/www.chateau-de-cabidos.com\/en\/contactez-nous\/","name":"Entrez votre nom, votre email et votre message pour toute demande","isPartOf":{"@id":"https:\/\/www.chateau-de-cabidos.com\/en\/#website"},"datePublished":"2015-04-30T14:04:40+00:00","dateModified":"2019-08-08T11:27:43+00:00","description":"Entrez votre nom, votre email et votre message pour toute information sur le domaine, sur votre commande, sur nos vins ou autre \u2026","breadcrumb":{"@id":"https:\/\/www.chateau-de-cabidos.com\/en\/contactez-nous\/#breadcrumb"},"inLanguage":"en-US","potentialAction":[{"@type":"ReadAction","target":[["https:\/\/www.chateau-de-cabidos.com\/en\/contactez-nous\/"]]}]},{"@type":"BreadcrumbList","@id":"https:\/\/www.chateau-de-cabidos.com\/en\/contactez-nous\/#breadcrumb","itemListElement":[{"@type":"ListItem","position":1,"name":"Accueil","item":"https:\/\/www.chateau-de-cabidos.com\/en\/"},{"@type":"ListItem","position":2,"name":"Contact us"}]},{"@type":"WebSite","@id":"https:\/\/www.chateau-de-cabidos.com\/en\/#website","url":"https:\/\/www.chateau-de-cabidos.com\/en\/","name":"Ch\u00e2teau de Cabidos","description":"","potentialAction":[{"@type":"SearchAction","target":{"@type":"EntryPoint","urlTemplate":"https:\/\/www.chateau-de-cabidos.com\/en\/?s={search_term_string}"},"query-input":{"@type":"PropertyValueSpecification","valueRequired":true,"valueName":"search_term_string"}}],"inLanguage":"en-US"}]}},"_links":{"self":[{"href":"https:\/\/www.chateau-de-cabidos.com\/en\/wp-json\/wp\/v2\/pages\/15","targetHints":{"allow":["GET"]}}],"collection":[{"href":"https:\/\/www.chateau-de-cabidos.com\/en\/wp-json\/wp\/v2\/pages"}],"about":[{"href":"https:\/\/www.chateau-de-cabidos.com\/en\/wp-json\/wp\/v2\/types\/page"}],"author":[{"embeddable":true,"href":"https:\/\/www.chateau-de-cabidos.com\/en\/wp-json\/wp\/v2\/users\/1"}],"replies":[{"embeddable":true,"href":"https:\/\/www.chateau-de-cabidos.com\/en\/wp-json\/wp\/v2\/comments?post=15"}],"version-history":[{"count":21,"href":"https:\/\/www.chateau-de-cabidos.com\/en\/wp-json\/wp\/v2\/pages\/15\/revisions"}],"predecessor-version":[{"id":973,"href":"https:\/\/www.chateau-de-cabidos.com\/en\/wp-json\/wp\/v2\/pages\/15\/revisions\/973"}],"wp:attachment":[{"href":"https:\/\/www.chateau-de-cabidos.com\/en\/wp-json\/wp\/v2\/media?parent=15"}],"curies":[{"name":"wp","href":"https:\/\/api.w.org\/{rel}","templated":true}]}}