{"id":163,"date":"2015-10-08T15:11:54","date_gmt":"2015-10-08T14:11:54","guid":{"rendered":"http:\/\/www.chateau-de-cabidos.com\/?page_id=163"},"modified":"2019-05-13T08:32:16","modified_gmt":"2019-05-13T07:32:16","slug":"lhistoire-du-chateau","status":"publish","type":"page","link":"https:\/\/www.chateau-de-cabidos.com\/en\/lhistoire-du-chateau\/","title":{"rendered":"History of Chateau de Cabidos"},"content":{"rendered":"<p><\/p>\n<h2 style=\"text-align: center;\">Six Centuries of Love<\/h2>\n<h3>1419<\/h3>\n<p><em><strong>The Heart Begins to Beat!<\/strong><\/em><\/p>\n<p><img loading=\"lazy\" decoding=\"async\" class=\"alignright size-medium wp-image-487\" src=\"http:\/\/www.chateau-de-cabidos.com\/wp-content\/uploads\/2015\/10\/blason-300x254.jpg\" alt=\"\" width=\"300\" height=\"254\" srcset=\"https:\/\/www.chateau-de-cabidos.com\/wp-content\/uploads\/2015\/10\/blason-300x254.jpg 300w, https:\/\/www.chateau-de-cabidos.com\/wp-content\/uploads\/2015\/10\/blason-400x338.jpg 400w, https:\/\/www.chateau-de-cabidos.com\/wp-content\/uploads\/2015\/10\/blason.jpg 558w\" sizes=\"auto, (max-width: 300px) 100vw, 300px\" \/>It was in 1419 that Arnauton Guilhem of Vignau, New Baron of Trubess\u00e9, discovered Cabidos and immediately fell in love with its beauty. From these magnificent south-facing slopes, unfolds the magical splendor of the Pyrenees. He was able to transform what was previously a modest looking house into what is today known as The Chateau de Cabidos, and where later, he engraved his arms <em>\u201cA magnificent golden eagle holding in its beak an arrow with silver fletching, the arrowhead pointed high, and standing boldly on the blade of a sword, hilt facing. Crowned by a baronial stamp: a terrifying knight\u2019s helmet with its visor facing head on; the whole supported on either side by two imposing griffons.\u201d <\/em> The rich and well-drained soil allowed him to grow vines that were turned into white wine of quality, greatly appreciated in the court of Henry V, King of England and Duke of Aquitaine.<\/p>\n<h3>1554<\/h3>\n<p><em><strong>A Valiant Heart!<\/strong><\/em><\/p>\n<p>In 1554, the title of Baron de Trubess\u00e9 was passed to Jacques. He then completed considerable renovations in which he only kept two turrets from the original structure and added a main area more suitable for the lifestyle of a noble family. It is to him that we owe the creation of sweet white wine on the lands of Cabidos. His subjects, in recognition of his great kindness, gave him the nickname of &#8220;the good one&#8221;. The generations that later followed were divided between working in the vineyards, on the land, in the service of the king, and in the church. They then built the wine cellar to preserve the produce of the vines of Cabidos.<\/p>\n<h3>1793<\/h3>\n<p><em><strong>A Heart and Blood!<\/strong><\/em><\/p>\n<p>In 1793, during the terrible Revolution, the Ch\u00e2teau de Cabidos was pillaged and set on fire by a band of revolutionaries from the plains of B\u00e9arn. The Baroness of Cabidos saved the life of her family and the rest of the estate by directing the &#8216;sans-culottes&#8217; to the cellars where their rage dissipated by drinking all the wine produced in the castle. The torment passed, and the descendants of the family worked to gradually rebuild the castle and its estate, particularly the garden which was built in its present form as well as the Chapel of the Virgin of the Apocalypse inside the castle tower.<\/p>\n<h3>1972<\/h3>\n<p><em><strong> <img loading=\"lazy\" decoding=\"async\" class=\"alignright size-medium wp-image-479\" src=\"http:\/\/www.chateau-de-cabidos.com\/wp-content\/uploads\/2016\/06\/cabidos-31-200x300.jpg\" alt=\"\" width=\"200\" height=\"300\" srcset=\"https:\/\/www.chateau-de-cabidos.com\/wp-content\/uploads\/2016\/06\/cabidos-31-200x300.jpg 200w, https:\/\/www.chateau-de-cabidos.com\/wp-content\/uploads\/2016\/06\/cabidos-31-362x543.jpg 362w, https:\/\/www.chateau-de-cabidos.com\/wp-content\/uploads\/2016\/06\/cabidos-31-267x400.jpg 267w, https:\/\/www.chateau-de-cabidos.com\/wp-content\/uploads\/2016\/06\/cabidos-31.jpg 462w\" sizes=\"auto, (max-width: 200px) 100vw, 200px\" \/>In the Heart of the Vineyard!<\/strong><\/em><\/p>\n<p>It was in 1972 that Isabelle, great-granddaughter of Marie-Catherine de Trubess\u00e9 decided with her husband Count Philippe du Cauz\u00e9 de Nazelle, to move to this magical place where she had formerly spent most of her childhood vacations. \u00a0It took them twenty years to restore the castle and its surroundings and to replant twenty-one acres of vines on the hillside with the local variety, Petit Manseng. Since the first bottling in 1995, nine hectares of vines have been replanted.<\/p>\n<p>In 2002, an air-conditioned winery was built and in 2007, Mrs. M\u00e9o Sakorn-Series, became the Ma\u00eetre de Chai and Technical Director. In 2017 Meo was named Knight of The National Order of Merit in recognition of her work and her connoisseur\u2019s knowledge of wine.<\/p>\n<h3>2015<\/h3>\n<p><em><strong>The Heart at Work!<\/strong><\/em><\/p>\n<p>It is in 2015 that the Alday family discovered Ch\u00e2teau de Cabidos. The beautiful and harmonious residence and its walled garden with century-old walls, classified as a historical monument, stands at the end of a long driveway lined with Tuscan-style cypresses.<\/p>\n<p>Passionate about history and a lover of wine, Robert Alday fell for the charm of the castle and its vineyards. The Petit-Manseng grape in its historical terroir, the know-how of the team in place, and the search for excellence, made him want to continue the work which had started six centuries ago in accordance with the motto of Arnauton Guilhem du Vignau &#8220;I set forth&#8221;.<\/p>\n<h3><em><strong>2018<\/strong><\/em><\/h3>\n<p><em><strong>In Recognition of The Heart!<\/strong><\/em><\/p>\n<p>At the 2018 Decanter World Wine Awards, considered the most influential wine competition in the world, L&#8217;Or de Cabidos 2011, an exceptionally intense sweet white wine, earned the Gold Medal with a score of 96\/100.<\/p>\n<p><strong>Decanter 2018<\/strong><\/p>\n<ul>\n<li>Gold medal: L\u2019Or de Cabidos 2011 (96 points)<\/li>\n<li>Silver medal: Gaston Ph\u0153bus Doux 2014 (91 points)<\/li>\n<li>Bronze medal:\u00a0 Les Anesses Doux 2013 (88 points)<\/li>\n<\/ul>\n<p><strong>Vignerons ind\u00e9pendants\u00a02018<\/strong><\/p>\n<ul>\n<li>Gold medal: Gaston Phoebus 2014<\/li>\n<\/ul>\n<p>In the International Wine Challenge competition, one of the major international competitions where each year nearly 14,000 wines are presented, Cabidos was also honored with a silver medal and 92 points for its Gaston Ph\u0153bus Sec 2014.<\/p>\n<p>These awards, recognizing the know-how and the hard work which has been accomplished, are stepping stones towards the excellence sought by the Alday family for the white wines, both dry and sweet, from the Petit-Manseng grape variety and for the red wine, which is one of France\u2019s most westerly examples of the Syrah grape.<\/p>\n<p><a href=\"http:\/\/www.chateau-de-cabidos.com\/les-archives-de-cabidos\/\">The Cabidos Archives<\/a><\/p>\n<p><\/p>","protected":false},"excerpt":{"rendered":"<p>Six Centuries of Love 1419 The Heart Begins to Beat! It was in 1419 that Arnauton Guilhem of Vignau, New [&hellip;]<\/p>\n","protected":false},"author":1,"featured_media":0,"parent":0,"menu_order":0,"comment_status":"closed","ping_status":"closed","template":"","meta":{"_acf_changed":false,"footnotes":""},"class_list":["post-163","page","type-page","status-publish","hentry"],"acf":[],"yoast_head":"<!-- This site is optimized with the Yoast SEO plugin v27.3 - https:\/\/yoast.com\/product\/yoast-seo-wordpress\/ -->\n<title>Monument historique, le ch\u00e2teau a \u00e9t\u00e9 \u00e9difier au 15\u00e8me si\u00e8cle<\/title>\n<meta name=\"description\" content=\"B\u00e2ti en contrebas du village de Cabidos, le ch\u00e2teau \u00e9tait propri\u00e9t\u00e9 de la famille de Trubess\u00e9 qui poss\u00e9da cette baronnie de 1419 \u00e0 la fin du 19e si\u00e8cle.\" \/>\n<meta name=\"robots\" content=\"index, follow, max-snippet:-1, max-image-preview:large, max-video-preview:-1\" \/>\n<link rel=\"canonical\" href=\"https:\/\/www.chateau-de-cabidos.com\/en\/lhistoire-du-chateau\/\" \/>\n<meta property=\"og:locale\" content=\"en_US\" \/>\n<meta property=\"og:type\" content=\"article\" \/>\n<meta property=\"og:title\" content=\"Monument historique, le ch\u00e2teau a \u00e9t\u00e9 \u00e9difier au 15\u00e8me si\u00e8cle\" \/>\n<meta property=\"og:description\" content=\"B\u00e2ti en contrebas du village de Cabidos, le ch\u00e2teau \u00e9tait propri\u00e9t\u00e9 de la famille de Trubess\u00e9 qui poss\u00e9da cette baronnie de 1419 \u00e0 la fin du 19e si\u00e8cle.\" \/>\n<meta property=\"og:url\" content=\"https:\/\/www.chateau-de-cabidos.com\/en\/lhistoire-du-chateau\/\" \/>\n<meta property=\"og:site_name\" content=\"Ch\u00e2teau de Cabidos\" \/>\n<meta property=\"article:modified_time\" content=\"2019-05-13T07:32:16+00:00\" \/>\n<meta property=\"og:image\" content=\"http:\/\/www.chateau-de-cabidos.com\/wp-content\/uploads\/2015\/10\/blason-300x254.jpg\" \/>\n<meta name=\"twitter:card\" content=\"summary_large_image\" \/>\n<meta name=\"twitter:label1\" content=\"Est. reading time\" \/>\n\t<meta name=\"twitter:data1\" content=\"8 minutes\" \/>\n<script type=\"application\/ld+json\" class=\"yoast-schema-graph\">{\"@context\":\"https:\\\/\\\/schema.org\",\"@graph\":[{\"@type\":\"WebPage\",\"@id\":\"https:\\\/\\\/www.chateau-de-cabidos.com\\\/en\\\/lhistoire-du-chateau\\\/\",\"url\":\"https:\\\/\\\/www.chateau-de-cabidos.com\\\/en\\\/lhistoire-du-chateau\\\/\",\"name\":\"Monument historique, le ch\u00e2teau a \u00e9t\u00e9 \u00e9difier au 15\u00e8me si\u00e8cle\",\"isPartOf\":{\"@id\":\"https:\\\/\\\/www.chateau-de-cabidos.com\\\/en\\\/#website\"},\"primaryImageOfPage\":{\"@id\":\"https:\\\/\\\/www.chateau-de-cabidos.com\\\/en\\\/lhistoire-du-chateau\\\/#primaryimage\"},\"image\":{\"@id\":\"https:\\\/\\\/www.chateau-de-cabidos.com\\\/en\\\/lhistoire-du-chateau\\\/#primaryimage\"},\"thumbnailUrl\":\"http:\\\/\\\/www.chateau-de-cabidos.com\\\/wp-content\\\/uploads\\\/2015\\\/10\\\/blason-300x254.jpg\",\"datePublished\":\"2015-10-08T14:11:54+00:00\",\"dateModified\":\"2019-05-13T07:32:16+00:00\",\"description\":\"B\u00e2ti en contrebas du village de Cabidos, le ch\u00e2teau \u00e9tait propri\u00e9t\u00e9 de la famille de Trubess\u00e9 qui poss\u00e9da cette baronnie de 1419 \u00e0 la fin du 19e si\u00e8cle.\",\"breadcrumb\":{\"@id\":\"https:\\\/\\\/www.chateau-de-cabidos.com\\\/en\\\/lhistoire-du-chateau\\\/#breadcrumb\"},\"inLanguage\":\"en-US\",\"potentialAction\":[{\"@type\":\"ReadAction\",\"target\":[[\"https:\\\/\\\/www.chateau-de-cabidos.com\\\/en\\\/lhistoire-du-chateau\\\/\"]]}]},{\"@type\":\"ImageObject\",\"inLanguage\":\"en-US\",\"@id\":\"https:\\\/\\\/www.chateau-de-cabidos.com\\\/en\\\/lhistoire-du-chateau\\\/#primaryimage\",\"url\":\"http:\\\/\\\/www.chateau-de-cabidos.com\\\/wp-content\\\/uploads\\\/2015\\\/10\\\/blason-300x254.jpg\",\"contentUrl\":\"http:\\\/\\\/www.chateau-de-cabidos.com\\\/wp-content\\\/uploads\\\/2015\\\/10\\\/blason-300x254.jpg\"},{\"@type\":\"BreadcrumbList\",\"@id\":\"https:\\\/\\\/www.chateau-de-cabidos.com\\\/en\\\/lhistoire-du-chateau\\\/#breadcrumb\",\"itemListElement\":[{\"@type\":\"ListItem\",\"position\":1,\"name\":\"Accueil\",\"item\":\"https:\\\/\\\/www.chateau-de-cabidos.com\\\/en\\\/\"},{\"@type\":\"ListItem\",\"position\":2,\"name\":\"History of Chateau de Cabidos\"}]},{\"@type\":\"WebSite\",\"@id\":\"https:\\\/\\\/www.chateau-de-cabidos.com\\\/en\\\/#website\",\"url\":\"https:\\\/\\\/www.chateau-de-cabidos.com\\\/en\\\/\",\"name\":\"Ch\u00e2teau de Cabidos\",\"description\":\"\",\"potentialAction\":[{\"@type\":\"SearchAction\",\"target\":{\"@type\":\"EntryPoint\",\"urlTemplate\":\"https:\\\/\\\/www.chateau-de-cabidos.com\\\/en\\\/?s={search_term_string}\"},\"query-input\":{\"@type\":\"PropertyValueSpecification\",\"valueRequired\":true,\"valueName\":\"search_term_string\"}}],\"inLanguage\":\"en-US\"}]}<\/script>\n<!-- \/ Yoast SEO plugin. -->","yoast_head_json":{"title":"Monument historique, le ch\u00e2teau a \u00e9t\u00e9 \u00e9difier au 15\u00e8me si\u00e8cle","description":"B\u00e2ti en contrebas du village de Cabidos, le ch\u00e2teau \u00e9tait propri\u00e9t\u00e9 de la famille de Trubess\u00e9 qui poss\u00e9da cette baronnie de 1419 \u00e0 la fin du 19e si\u00e8cle.","robots":{"index":"index","follow":"follow","max-snippet":"max-snippet:-1","max-image-preview":"max-image-preview:large","max-video-preview":"max-video-preview:-1"},"canonical":"https:\/\/www.chateau-de-cabidos.com\/en\/lhistoire-du-chateau\/","og_locale":"en_US","og_type":"article","og_title":"Monument historique, le ch\u00e2teau a \u00e9t\u00e9 \u00e9difier au 15\u00e8me si\u00e8cle","og_description":"B\u00e2ti en contrebas du village de Cabidos, le ch\u00e2teau \u00e9tait propri\u00e9t\u00e9 de la famille de Trubess\u00e9 qui poss\u00e9da cette baronnie de 1419 \u00e0 la fin du 19e si\u00e8cle.","og_url":"https:\/\/www.chateau-de-cabidos.com\/en\/lhistoire-du-chateau\/","og_site_name":"Ch\u00e2teau de Cabidos","article_modified_time":"2019-05-13T07:32:16+00:00","og_image":[{"url":"http:\/\/www.chateau-de-cabidos.com\/wp-content\/uploads\/2015\/10\/blason-300x254.jpg","type":"","width":"","height":""}],"twitter_card":"summary_large_image","twitter_misc":{"Est. reading time":"8 minutes"},"schema":{"@context":"https:\/\/schema.org","@graph":[{"@type":"WebPage","@id":"https:\/\/www.chateau-de-cabidos.com\/en\/lhistoire-du-chateau\/","url":"https:\/\/www.chateau-de-cabidos.com\/en\/lhistoire-du-chateau\/","name":"Monument historique, le ch\u00e2teau a \u00e9t\u00e9 \u00e9difier au 15\u00e8me si\u00e8cle","isPartOf":{"@id":"https:\/\/www.chateau-de-cabidos.com\/en\/#website"},"primaryImageOfPage":{"@id":"https:\/\/www.chateau-de-cabidos.com\/en\/lhistoire-du-chateau\/#primaryimage"},"image":{"@id":"https:\/\/www.chateau-de-cabidos.com\/en\/lhistoire-du-chateau\/#primaryimage"},"thumbnailUrl":"http:\/\/www.chateau-de-cabidos.com\/wp-content\/uploads\/2015\/10\/blason-300x254.jpg","datePublished":"2015-10-08T14:11:54+00:00","dateModified":"2019-05-13T07:32:16+00:00","description":"B\u00e2ti en contrebas du village de Cabidos, le ch\u00e2teau \u00e9tait propri\u00e9t\u00e9 de la famille de Trubess\u00e9 qui poss\u00e9da cette baronnie de 1419 \u00e0 la fin du 19e si\u00e8cle.","breadcrumb":{"@id":"https:\/\/www.chateau-de-cabidos.com\/en\/lhistoire-du-chateau\/#breadcrumb"},"inLanguage":"en-US","potentialAction":[{"@type":"ReadAction","target":[["https:\/\/www.chateau-de-cabidos.com\/en\/lhistoire-du-chateau\/"]]}]},{"@type":"ImageObject","inLanguage":"en-US","@id":"https:\/\/www.chateau-de-cabidos.com\/en\/lhistoire-du-chateau\/#primaryimage","url":"http:\/\/www.chateau-de-cabidos.com\/wp-content\/uploads\/2015\/10\/blason-300x254.jpg","contentUrl":"http:\/\/www.chateau-de-cabidos.com\/wp-content\/uploads\/2015\/10\/blason-300x254.jpg"},{"@type":"BreadcrumbList","@id":"https:\/\/www.chateau-de-cabidos.com\/en\/lhistoire-du-chateau\/#breadcrumb","itemListElement":[{"@type":"ListItem","position":1,"name":"Accueil","item":"https:\/\/www.chateau-de-cabidos.com\/en\/"},{"@type":"ListItem","position":2,"name":"History of Chateau de Cabidos"}]},{"@type":"WebSite","@id":"https:\/\/www.chateau-de-cabidos.com\/en\/#website","url":"https:\/\/www.chateau-de-cabidos.com\/en\/","name":"Ch\u00e2teau de Cabidos","description":"","potentialAction":[{"@type":"SearchAction","target":{"@type":"EntryPoint","urlTemplate":"https:\/\/www.chateau-de-cabidos.com\/en\/?s={search_term_string}"},"query-input":{"@type":"PropertyValueSpecification","valueRequired":true,"valueName":"search_term_string"}}],"inLanguage":"en-US"}]}},"_links":{"self":[{"href":"https:\/\/www.chateau-de-cabidos.com\/en\/wp-json\/wp\/v2\/pages\/163","targetHints":{"allow":["GET"]}}],"collection":[{"href":"https:\/\/www.chateau-de-cabidos.com\/en\/wp-json\/wp\/v2\/pages"}],"about":[{"href":"https:\/\/www.chateau-de-cabidos.com\/en\/wp-json\/wp\/v2\/types\/page"}],"author":[{"embeddable":true,"href":"https:\/\/www.chateau-de-cabidos.com\/en\/wp-json\/wp\/v2\/users\/1"}],"replies":[{"embeddable":true,"href":"https:\/\/www.chateau-de-cabidos.com\/en\/wp-json\/wp\/v2\/comments?post=163"}],"version-history":[{"count":23,"href":"https:\/\/www.chateau-de-cabidos.com\/en\/wp-json\/wp\/v2\/pages\/163\/revisions"}],"predecessor-version":[{"id":909,"href":"https:\/\/www.chateau-de-cabidos.com\/en\/wp-json\/wp\/v2\/pages\/163\/revisions\/909"}],"wp:attachment":[{"href":"https:\/\/www.chateau-de-cabidos.com\/en\/wp-json\/wp\/v2\/media?parent=163"}],"curies":[{"name":"wp","href":"https:\/\/api.w.org\/{rel}","templated":true}]}}