{"id":295,"date":"2015-11-05T09:34:51","date_gmt":"2015-11-05T08:34:51","guid":{"rendered":"http:\/\/www.chateau-de-cabidos.com\/?page_id=295"},"modified":"2016-10-24T11:37:32","modified_gmt":"2016-10-24T10:37:32","slug":"declarer-un-retour-produit","status":"publish","type":"page","link":"https:\/\/www.chateau-de-cabidos.com\/en\/declarer-un-retour-produit\/","title":{"rendered":"Declare a return product"},"content":{"rendered":"\n<div class=\"wpcf7 no-js\" id=\"wpcf7-f294-o1\" lang=\"fr-FR\" dir=\"ltr\" data-wpcf7-id=\"294\">\n<div class=\"screen-reader-response\"><p role=\"status\" aria-live=\"polite\" aria-atomic=\"true\"><\/p> <ul><\/ul><\/div>\n<form action=\"\/en\/wp-json\/wp\/v2\/pages\/295#wpcf7-f294-o1\" method=\"post\" class=\"wpcf7-form init\" aria-label=\"Formulaire de contact\" novalidate=\"novalidate\" data-status=\"init\">\n<fieldset class=\"hidden-fields-container\"><input type=\"hidden\" name=\"_wpcf7\" value=\"294\" \/><input type=\"hidden\" name=\"_wpcf7_version\" value=\"6.1.5\" \/><input type=\"hidden\" name=\"_wpcf7_locale\" value=\"fr_FR\" \/><input type=\"hidden\" name=\"_wpcf7_unit_tag\" value=\"wpcf7-f294-o1\" \/><input type=\"hidden\" name=\"_wpcf7_container_post\" value=\"0\" \/><input type=\"hidden\" name=\"_wpcf7_posted_data_hash\" value=\"\" \/>\n<\/fieldset>\n<p>Les champs marqu\u00e9s d'une \u00e9toile sont obligatoires.\n<\/p>\n<p><label for=\"nom\">Nom * :<\/label><span class=\"wpcf7-form-control-wrap\" data-name=\"nom\"><input size=\"40\" maxlength=\"400\" class=\"wpcf7-form-control wpcf7-text wpcf7-validates-as-required form-control\" id=\"nom\" aria-required=\"true\" aria-invalid=\"false\" value=\"\" type=\"text\" name=\"nom\" \/><\/span><br \/>\n<label for=\"prenom\">Pr\u00e9nom * :<\/label><span class=\"wpcf7-form-control-wrap\" data-name=\"prenom\"><input size=\"40\" maxlength=\"400\" class=\"wpcf7-form-control wpcf7-text wpcf7-validates-as-required form-control\" id=\"prenom\" aria-required=\"true\" aria-invalid=\"false\" value=\"\" type=\"text\" name=\"prenom\" \/><\/span><br \/>\n<label for=\"adresse\">Adresse * :<\/label><span class=\"wpcf7-form-control-wrap\" data-name=\"adresse\"><input size=\"40\" maxlength=\"400\" class=\"wpcf7-form-control wpcf7-text wpcf7-validates-as-required form-control\" id=\"adresse\" aria-required=\"true\" aria-invalid=\"false\" value=\"\" type=\"text\" name=\"adresse\" \/><\/span><br \/>\n<label for=\"codepostal\">Code Postal * :<\/label><span class=\"wpcf7-form-control-wrap\" data-name=\"codepostal\"><input size=\"40\" maxlength=\"400\" class=\"wpcf7-form-control wpcf7-text wpcf7-validates-as-required form-control\" id=\"codepostal\" aria-required=\"true\" aria-invalid=\"false\" value=\"\" type=\"text\" name=\"codepostal\" \/><\/span><br \/>\n<label for=\"ville\">Ville * :<\/label><span class=\"wpcf7-form-control-wrap\" data-name=\"ville\"><input size=\"40\" maxlength=\"400\" class=\"wpcf7-form-control wpcf7-text wpcf7-validates-as-required form-control\" id=\"ville\" aria-required=\"true\" aria-invalid=\"false\" value=\"\" type=\"text\" name=\"ville\" \/><\/span><br \/>\n<label for=\"datereception\">Date de r\u00e9ception du colis * :<\/label><span class=\"wpcf7-form-control-wrap\" data-name=\"datereception\"><input size=\"40\" maxlength=\"400\" class=\"wpcf7-form-control wpcf7-text wpcf7-validates-as-required form-control\" id=\"datereception\" aria-required=\"true\" aria-invalid=\"false\" value=\"\" type=\"text\" name=\"datereception\" \/><\/span><br \/>\n<label for=\"exercice\" class=\"caseacocher\">Je souhaite exercer * :<\/label><span class=\"wpcf7-form-control-wrap\" data-name=\"checkbox-421\"><span class=\"wpcf7-form-control wpcf7-checkbox wpcf7-validates-as-required wpcf7-exclusive-checkbox\"><span class=\"wpcf7-list-item first\"><label><input type=\"checkbox\" name=\"checkbox-421\" value=\"droit de retractation de 14 jours a compter de la reception du colis\" \/><span class=\"wpcf7-list-item-label\">droit de retractation de 14 jours a compter de la reception du colis<\/span><\/label><\/span><span class=\"wpcf7-list-item last\"><label><input type=\"checkbox\" name=\"checkbox-421\" value=\"droit de retour pour non conformit\u00e9 du produit\" \/><span class=\"wpcf7-list-item-label\">droit de retour pour non conformit\u00e9 du produit<\/span><\/label><\/span><\/span><\/span>\n<\/p>\n<div style=\"clear:both;\">\n<\/div>\n<p><label for=\"nom\">Num\u00e9ro de commande * :<\/label><span class=\"wpcf7-form-control-wrap\" data-name=\"commande\"><input size=\"40\" maxlength=\"400\" class=\"wpcf7-form-control wpcf7-text wpcf7-validates-as-required form-control\" id=\"commande\" aria-required=\"true\" aria-invalid=\"false\" value=\"\" type=\"text\" name=\"commande\" \/><\/span><br \/>\n<label for=\"adresse-email\">Adresse email * :<\/label><span class=\"wpcf7-form-control-wrap\" data-name=\"adresse-email\"><input size=\"40\" maxlength=\"400\" class=\"wpcf7-form-control wpcf7-email wpcf7-validates-as-required wpcf7-text wpcf7-validates-as-email form-control\" id=\"adresse-email\" aria-required=\"true\" aria-invalid=\"false\" value=\"\" type=\"email\" name=\"adresse-email\" \/><\/span><br \/>\n<label for=\"telephone\">T\u00e9l\u00e9phone * :<\/label><span class=\"wpcf7-form-control-wrap\" data-name=\"telephone\"><input size=\"40\" maxlength=\"400\" class=\"wpcf7-form-control wpcf7-text wpcf7-validates-as-required form-control\" id=\"telephone\" aria-required=\"true\" aria-invalid=\"false\" value=\"\" type=\"text\" name=\"telephone\" \/><\/span><br \/>\n<label for=\"message\">Message :<\/label><span class=\"wpcf7-form-control-wrap\" data-name=\"message\"><textarea cols=\"40\" rows=\"10\" maxlength=\"2000\" class=\"wpcf7-form-control wpcf7-textarea form-control\" id=\"message\" aria-invalid=\"false\" name=\"message\"><\/textarea><\/span>\n<\/p>\n<p><span class=\"wpcf7-form-control-wrap\" data-name=\"acceptation\"><span class=\"wpcf7-form-control wpcf7-checkbox wpcf7-validates-as-required\"><span class=\"wpcf7-list-item first last\"><input type=\"checkbox\" name=\"acceptation[]\" value=\"J&#039;accepte la politique de gestion des donn\u00e9es**\" \/><span class=\"wpcf7-list-item-label\">J&#039;accepte la politique de gestion des donn\u00e9es**<\/span><\/span><\/span><\/span>\n<\/p>\n<div class=\"wpcf7-turnstile cf-turnstile\" data-sitekey=\"0x4AAAAAAB6xGEdI0x9htpZw\" data-response-field-name=\"_wpcf7_turnstile_response\"><\/div>\n<p><input class=\"wpcf7-form-control wpcf7-submit has-spinner btn btn-default\" type=\"submit\" value=\"Envoyer\" \/>\n<\/p>\n<p style=\"font-size:0.8em; font-style: italic;\">**Les donn\u00e9es \u00e0 caract\u00e8re personnel collect\u00e9es sur le pr\u00e9sent formulaire sont obligatoires pour la prise en compte de votre demande et de son suivi et ne seront jamais c\u00e9d\u00e9es \u00e0 des soci\u00e9t\u00e9s tiers. Elles font l\u2019objet d\u2019un traitement de gestion de client et de prospection commerciale, conformes \u00e0 celles \u00e9dict\u00e9es par la CNIL (d\u00e9lib\u00e9ration n\u00b02016-264 du 21\/07\/2016). Conform\u00e9ment \u00e0 la loi \u00ab Informatique et Libert\u00e9s \u00bb n\u00b078-17 du 6 janvier 1978 modifi\u00e9e, vous b\u00e9n\u00e9ficiez d\u2019un droit d\u2019acc\u00e8s et de rectification aux donn\u00e9es vous concernant et du droit de vous opposer, pour motifs l\u00e9gitimes, au traitement de ces donn\u00e9es ainsi que du droit de d\u00e9finir des directives sur le sort, post mortem, de ces donn\u00e9es qui ne sont conserv\u00e9es que 3 ans. Vous pouvez exercer ces droits en vous adressant \u00e0 contact@chateau-de-cabidos.com, toute demande devra \u00eatre accompagn\u00e9e d\u2019une copie, recto-verso, d\u2019une pi\u00e8ce d\u2019identit\u00e9.\n<\/p><div class=\"wpcf7-response-output\" aria-hidden=\"true\"><\/div>\n<\/form>\n<\/div>\n\n","protected":false},"excerpt":{"rendered":"","protected":false},"author":1,"featured_media":0,"parent":0,"menu_order":0,"comment_status":"closed","ping_status":"closed","template":"","meta":{"_acf_changed":false,"footnotes":""},"class_list":["post-295","page","type-page","status-publish","hentry"],"acf":[],"yoast_head":"<!-- This site is optimized with the Yoast SEO plugin v27.3 - https:\/\/yoast.com\/product\/yoast-seo-wordpress\/ -->\n<title>D\u00e9clarer un retour produit en remplissant le formulaire<\/title>\n<meta name=\"description\" content=\"D\u00e9clarer un retour produit en remplissant le formulaire avec votre nom, pr\u00e9nom, adresse, message, num\u00e9ro de commande, date de r\u00e9ception du colis\" \/>\n<meta name=\"robots\" content=\"index, follow, max-snippet:-1, max-image-preview:large, max-video-preview:-1\" \/>\n<link rel=\"canonical\" href=\"https:\/\/www.chateau-de-cabidos.com\/en\/declarer-un-retour-produit\/\" \/>\n<meta property=\"og:locale\" content=\"en_US\" \/>\n<meta property=\"og:type\" content=\"article\" \/>\n<meta property=\"og:title\" content=\"D\u00e9clarer un retour produit en remplissant le formulaire\" \/>\n<meta property=\"og:description\" content=\"D\u00e9clarer un retour produit en remplissant le formulaire avec votre nom, pr\u00e9nom, adresse, message, num\u00e9ro de commande, date de r\u00e9ception du colis\" \/>\n<meta property=\"og:url\" content=\"https:\/\/www.chateau-de-cabidos.com\/en\/declarer-un-retour-produit\/\" \/>\n<meta property=\"og:site_name\" content=\"Ch\u00e2teau de Cabidos\" \/>\n<meta property=\"article:modified_time\" content=\"2016-10-24T10:37:32+00:00\" \/>\n<meta name=\"twitter:card\" content=\"summary_large_image\" \/>\n<script type=\"application\/ld+json\" class=\"yoast-schema-graph\">{\"@context\":\"https:\\\/\\\/schema.org\",\"@graph\":[{\"@type\":\"WebPage\",\"@id\":\"https:\\\/\\\/www.chateau-de-cabidos.com\\\/en\\\/declarer-un-retour-produit\\\/\",\"url\":\"https:\\\/\\\/www.chateau-de-cabidos.com\\\/en\\\/declarer-un-retour-produit\\\/\",\"name\":\"D\u00e9clarer un retour produit en remplissant le formulaire\",\"isPartOf\":{\"@id\":\"https:\\\/\\\/www.chateau-de-cabidos.com\\\/en\\\/#website\"},\"datePublished\":\"2015-11-05T08:34:51+00:00\",\"dateModified\":\"2016-10-24T10:37:32+00:00\",\"description\":\"D\u00e9clarer un retour produit en remplissant le formulaire avec votre nom, pr\u00e9nom, adresse, message, num\u00e9ro de commande, date de r\u00e9ception du colis\",\"breadcrumb\":{\"@id\":\"https:\\\/\\\/www.chateau-de-cabidos.com\\\/en\\\/declarer-un-retour-produit\\\/#breadcrumb\"},\"inLanguage\":\"en-US\",\"potentialAction\":[{\"@type\":\"ReadAction\",\"target\":[[\"https:\\\/\\\/www.chateau-de-cabidos.com\\\/en\\\/declarer-un-retour-produit\\\/\"]]}]},{\"@type\":\"BreadcrumbList\",\"@id\":\"https:\\\/\\\/www.chateau-de-cabidos.com\\\/en\\\/declarer-un-retour-produit\\\/#breadcrumb\",\"itemListElement\":[{\"@type\":\"ListItem\",\"position\":1,\"name\":\"Accueil\",\"item\":\"https:\\\/\\\/www.chateau-de-cabidos.com\\\/en\\\/\"},{\"@type\":\"ListItem\",\"position\":2,\"name\":\"Declare a return product\"}]},{\"@type\":\"WebSite\",\"@id\":\"https:\\\/\\\/www.chateau-de-cabidos.com\\\/en\\\/#website\",\"url\":\"https:\\\/\\\/www.chateau-de-cabidos.com\\\/en\\\/\",\"name\":\"Ch\u00e2teau de Cabidos\",\"description\":\"\",\"potentialAction\":[{\"@type\":\"SearchAction\",\"target\":{\"@type\":\"EntryPoint\",\"urlTemplate\":\"https:\\\/\\\/www.chateau-de-cabidos.com\\\/en\\\/?s={search_term_string}\"},\"query-input\":{\"@type\":\"PropertyValueSpecification\",\"valueRequired\":true,\"valueName\":\"search_term_string\"}}],\"inLanguage\":\"en-US\"}]}<\/script>\n<!-- \/ Yoast SEO plugin. -->","yoast_head_json":{"title":"D\u00e9clarer un retour produit en remplissant le formulaire","description":"D\u00e9clarer un retour produit en remplissant le formulaire avec votre nom, pr\u00e9nom, adresse, message, num\u00e9ro de commande, date de r\u00e9ception du colis","robots":{"index":"index","follow":"follow","max-snippet":"max-snippet:-1","max-image-preview":"max-image-preview:large","max-video-preview":"max-video-preview:-1"},"canonical":"https:\/\/www.chateau-de-cabidos.com\/en\/declarer-un-retour-produit\/","og_locale":"en_US","og_type":"article","og_title":"D\u00e9clarer un retour produit en remplissant le formulaire","og_description":"D\u00e9clarer un retour produit en remplissant le formulaire avec votre nom, pr\u00e9nom, adresse, message, num\u00e9ro de commande, date de r\u00e9ception du colis","og_url":"https:\/\/www.chateau-de-cabidos.com\/en\/declarer-un-retour-produit\/","og_site_name":"Ch\u00e2teau de Cabidos","article_modified_time":"2016-10-24T10:37:32+00:00","twitter_card":"summary_large_image","schema":{"@context":"https:\/\/schema.org","@graph":[{"@type":"WebPage","@id":"https:\/\/www.chateau-de-cabidos.com\/en\/declarer-un-retour-produit\/","url":"https:\/\/www.chateau-de-cabidos.com\/en\/declarer-un-retour-produit\/","name":"D\u00e9clarer un retour produit en remplissant le formulaire","isPartOf":{"@id":"https:\/\/www.chateau-de-cabidos.com\/en\/#website"},"datePublished":"2015-11-05T08:34:51+00:00","dateModified":"2016-10-24T10:37:32+00:00","description":"D\u00e9clarer un retour produit en remplissant le formulaire avec votre nom, pr\u00e9nom, adresse, message, num\u00e9ro de commande, date de r\u00e9ception du colis","breadcrumb":{"@id":"https:\/\/www.chateau-de-cabidos.com\/en\/declarer-un-retour-produit\/#breadcrumb"},"inLanguage":"en-US","potentialAction":[{"@type":"ReadAction","target":[["https:\/\/www.chateau-de-cabidos.com\/en\/declarer-un-retour-produit\/"]]}]},{"@type":"BreadcrumbList","@id":"https:\/\/www.chateau-de-cabidos.com\/en\/declarer-un-retour-produit\/#breadcrumb","itemListElement":[{"@type":"ListItem","position":1,"name":"Accueil","item":"https:\/\/www.chateau-de-cabidos.com\/en\/"},{"@type":"ListItem","position":2,"name":"Declare a return product"}]},{"@type":"WebSite","@id":"https:\/\/www.chateau-de-cabidos.com\/en\/#website","url":"https:\/\/www.chateau-de-cabidos.com\/en\/","name":"Ch\u00e2teau de Cabidos","description":"","potentialAction":[{"@type":"SearchAction","target":{"@type":"EntryPoint","urlTemplate":"https:\/\/www.chateau-de-cabidos.com\/en\/?s={search_term_string}"},"query-input":{"@type":"PropertyValueSpecification","valueRequired":true,"valueName":"search_term_string"}}],"inLanguage":"en-US"}]}},"_links":{"self":[{"href":"https:\/\/www.chateau-de-cabidos.com\/en\/wp-json\/wp\/v2\/pages\/295","targetHints":{"allow":["GET"]}}],"collection":[{"href":"https:\/\/www.chateau-de-cabidos.com\/en\/wp-json\/wp\/v2\/pages"}],"about":[{"href":"https:\/\/www.chateau-de-cabidos.com\/en\/wp-json\/wp\/v2\/types\/page"}],"author":[{"embeddable":true,"href":"https:\/\/www.chateau-de-cabidos.com\/en\/wp-json\/wp\/v2\/users\/1"}],"replies":[{"embeddable":true,"href":"https:\/\/www.chateau-de-cabidos.com\/en\/wp-json\/wp\/v2\/comments?post=295"}],"version-history":[{"count":3,"href":"https:\/\/www.chateau-de-cabidos.com\/en\/wp-json\/wp\/v2\/pages\/295\/revisions"}],"predecessor-version":[{"id":590,"href":"https:\/\/www.chateau-de-cabidos.com\/en\/wp-json\/wp\/v2\/pages\/295\/revisions\/590"}],"wp:attachment":[{"href":"https:\/\/www.chateau-de-cabidos.com\/en\/wp-json\/wp\/v2\/media?parent=295"}],"curies":[{"name":"wp","href":"https:\/\/api.w.org\/{rel}","templated":true}]}}