{"id":402,"date":"2016-05-27T11:05:27","date_gmt":"2016-05-27T10:05:27","guid":{"rendered":"http:\/\/www.chateau-de-cabidos.com\/?page_id=402"},"modified":"2019-05-06T14:20:26","modified_gmt":"2019-05-06T13:20:26","slug":"nos-vignes","status":"publish","type":"page","link":"https:\/\/www.chateau-de-cabidos.com\/en\/nos-vignes\/","title":{"rendered":"Our Vines"},"content":{"rendered":"<p><\/p>\n<h2>We have chosen to use careful, sustainable viticultural methods without any fertiliser and are starting to convert to fully organic viticulture.<\/h2>\n<p><a href=\"http:\/\/www.chateau-de-cabidos.com\/wp-content\/uploads\/2016\/06\/cabidos-38.jpg\"><img loading=\"lazy\" decoding=\"async\" class=\"alignright wp-image-481\" src=\"http:\/\/www.chateau-de-cabidos.com\/wp-content\/uploads\/2016\/06\/cabidos-38.jpg\" alt=\"cabidos-38\" width=\"450\" height=\"306\" srcset=\"https:\/\/www.chateau-de-cabidos.com\/wp-content\/uploads\/2016\/06\/cabidos-38.jpg 1020w, https:\/\/www.chateau-de-cabidos.com\/wp-content\/uploads\/2016\/06\/cabidos-38-300x204.jpg 300w, https:\/\/www.chateau-de-cabidos.com\/wp-content\/uploads\/2016\/06\/cabidos-38-768x522.jpg 768w, https:\/\/www.chateau-de-cabidos.com\/wp-content\/uploads\/2016\/06\/cabidos-38-799x543.jpg 799w, https:\/\/www.chateau-de-cabidos.com\/wp-content\/uploads\/2016\/06\/cabidos-38-600x408.jpg 600w, https:\/\/www.chateau-de-cabidos.com\/wp-content\/uploads\/2016\/06\/cabidos-38-400x272.jpg 400w, https:\/\/www.chateau-de-cabidos.com\/wp-content\/uploads\/2016\/06\/cabidos-38-800x544.jpg 800w\" sizes=\"auto, (max-width: 450px) 100vw, 450px\" \/><\/a>The density of our vineyards averages 2500 vines per acre. \u00a0The harvest is done manually to preserve the quality of the grapes so that we are certain they enter the winery in perfect condition.<\/p>\n<p>During the growing season, we remove some of the leaves from the vines, which allows the air to circulate and reduces the moisture content which helps prevent rot. In addition, the grapes can receive the maximum sunshine needed to ripen gently.<\/p>\n<p>These methods require much manual labour but ensure high quality grapes which are necessary for \u00a0producing excellent bottles of wine.<\/p>\n<p>The harvest is done over many weeks. The first stage is harvesting the Chardonnay and Sauvignon towards the end of September for the dry white, followed by some Petit Manseng which is destined to make a dry wine and then the Syrah for our red.<\/p>\n<p>The second stage involves the late harvested Petit Manseng. It starts in late October or early November with the late harvest of the young vineyards for the production of &#8220;Cuv\u00e9e Le Luy&#8221;. Then there is a second late harvest of old vines in mid-November for the &#8220;Cuv\u00e9e Saint Cl\u00e9ment&#8221;. Finally, a third late harvest is carried out in early December to make the \u201cCuv\u00e9e Gaston Phoebus\u201d.<\/p>\n<p>&nbsp;<\/p>\n<p>&nbsp;<\/p>\n<p>&nbsp;<\/p>\n<p>&nbsp;<\/p>\n<p>&nbsp;<\/p>\n<p><\/p>","protected":false},"excerpt":{"rendered":"<p>We have chosen to use careful, sustainable viticultural methods without any fertiliser and are starting to convert to fully organic [&hellip;]<\/p>\n","protected":false},"author":1,"featured_media":0,"parent":0,"menu_order":0,"comment_status":"closed","ping_status":"closed","template":"","meta":{"_acf_changed":false,"footnotes":""},"class_list":["post-402","page","type-page","status-publish","hentry"],"acf":[],"yoast_head":"<!-- This site is optimized with the Yoast SEO plugin v27.4 - https:\/\/yoast.com\/product\/yoast-seo-wordpress\/ -->\n<title>Our Vines - Ch\u00e2teau de Cabidos<\/title>\n<meta name=\"robots\" content=\"index, follow, max-snippet:-1, max-image-preview:large, max-video-preview:-1\" \/>\n<link rel=\"canonical\" href=\"https:\/\/www.chateau-de-cabidos.com\/en\/nos-vignes\/\" \/>\n<meta property=\"og:locale\" content=\"en_US\" \/>\n<meta property=\"og:type\" content=\"article\" \/>\n<meta property=\"og:title\" content=\"Our Vines - Ch\u00e2teau de Cabidos\" \/>\n<meta property=\"og:description\" content=\"We have chosen to use careful, sustainable viticultural methods without any fertiliser and are starting to convert to fully organic [&hellip;]\" \/>\n<meta property=\"og:url\" content=\"https:\/\/www.chateau-de-cabidos.com\/en\/nos-vignes\/\" \/>\n<meta property=\"og:site_name\" content=\"Ch\u00e2teau de Cabidos\" \/>\n<meta property=\"article:modified_time\" content=\"2019-05-06T13:20:26+00:00\" \/>\n<meta property=\"og:image\" content=\"http:\/\/www.chateau-de-cabidos.com\/wp-content\/uploads\/2016\/06\/cabidos-38.jpg\" \/>\n<meta name=\"twitter:card\" content=\"summary_large_image\" \/>\n<meta name=\"twitter:label1\" content=\"Est. reading time\" \/>\n\t<meta name=\"twitter:data1\" content=\"2 minutes\" \/>\n<script type=\"application\/ld+json\" class=\"yoast-schema-graph\">{\"@context\":\"https:\\\/\\\/schema.org\",\"@graph\":[{\"@type\":\"WebPage\",\"@id\":\"https:\\\/\\\/www.chateau-de-cabidos.com\\\/en\\\/nos-vignes\\\/\",\"url\":\"https:\\\/\\\/www.chateau-de-cabidos.com\\\/en\\\/nos-vignes\\\/\",\"name\":\"Our Vines - Ch\u00e2teau de Cabidos\",\"isPartOf\":{\"@id\":\"https:\\\/\\\/www.chateau-de-cabidos.com\\\/en\\\/#website\"},\"primaryImageOfPage\":{\"@id\":\"https:\\\/\\\/www.chateau-de-cabidos.com\\\/en\\\/nos-vignes\\\/#primaryimage\"},\"image\":{\"@id\":\"https:\\\/\\\/www.chateau-de-cabidos.com\\\/en\\\/nos-vignes\\\/#primaryimage\"},\"thumbnailUrl\":\"http:\\\/\\\/www.chateau-de-cabidos.com\\\/wp-content\\\/uploads\\\/2016\\\/06\\\/cabidos-38.jpg\",\"datePublished\":\"2016-05-27T10:05:27+00:00\",\"dateModified\":\"2019-05-06T13:20:26+00:00\",\"breadcrumb\":{\"@id\":\"https:\\\/\\\/www.chateau-de-cabidos.com\\\/en\\\/nos-vignes\\\/#breadcrumb\"},\"inLanguage\":\"en-US\",\"potentialAction\":[{\"@type\":\"ReadAction\",\"target\":[[\"https:\\\/\\\/www.chateau-de-cabidos.com\\\/en\\\/nos-vignes\\\/\"]]}]},{\"@type\":\"ImageObject\",\"inLanguage\":\"en-US\",\"@id\":\"https:\\\/\\\/www.chateau-de-cabidos.com\\\/en\\\/nos-vignes\\\/#primaryimage\",\"url\":\"http:\\\/\\\/www.chateau-de-cabidos.com\\\/wp-content\\\/uploads\\\/2016\\\/06\\\/cabidos-38.jpg\",\"contentUrl\":\"http:\\\/\\\/www.chateau-de-cabidos.com\\\/wp-content\\\/uploads\\\/2016\\\/06\\\/cabidos-38.jpg\"},{\"@type\":\"BreadcrumbList\",\"@id\":\"https:\\\/\\\/www.chateau-de-cabidos.com\\\/en\\\/nos-vignes\\\/#breadcrumb\",\"itemListElement\":[{\"@type\":\"ListItem\",\"position\":1,\"name\":\"Accueil\",\"item\":\"https:\\\/\\\/www.chateau-de-cabidos.com\\\/en\\\/\"},{\"@type\":\"ListItem\",\"position\":2,\"name\":\"Our Vines\"}]},{\"@type\":\"WebSite\",\"@id\":\"https:\\\/\\\/www.chateau-de-cabidos.com\\\/en\\\/#website\",\"url\":\"https:\\\/\\\/www.chateau-de-cabidos.com\\\/en\\\/\",\"name\":\"Ch\u00e2teau de Cabidos\",\"description\":\"\",\"potentialAction\":[{\"@type\":\"SearchAction\",\"target\":{\"@type\":\"EntryPoint\",\"urlTemplate\":\"https:\\\/\\\/www.chateau-de-cabidos.com\\\/en\\\/?s={search_term_string}\"},\"query-input\":{\"@type\":\"PropertyValueSpecification\",\"valueRequired\":true,\"valueName\":\"search_term_string\"}}],\"inLanguage\":\"en-US\"}]}<\/script>\n<!-- \/ Yoast SEO plugin. -->","yoast_head_json":{"title":"Our Vines - Ch\u00e2teau de Cabidos","robots":{"index":"index","follow":"follow","max-snippet":"max-snippet:-1","max-image-preview":"max-image-preview:large","max-video-preview":"max-video-preview:-1"},"canonical":"https:\/\/www.chateau-de-cabidos.com\/en\/nos-vignes\/","og_locale":"en_US","og_type":"article","og_title":"Our Vines - Ch\u00e2teau de Cabidos","og_description":"We have chosen to use careful, sustainable viticultural methods without any fertiliser and are starting to convert to fully organic [&hellip;]","og_url":"https:\/\/www.chateau-de-cabidos.com\/en\/nos-vignes\/","og_site_name":"Ch\u00e2teau de Cabidos","article_modified_time":"2019-05-06T13:20:26+00:00","og_image":[{"url":"http:\/\/www.chateau-de-cabidos.com\/wp-content\/uploads\/2016\/06\/cabidos-38.jpg","type":"","width":"","height":""}],"twitter_card":"summary_large_image","twitter_misc":{"Est. reading time":"2 minutes"},"schema":{"@context":"https:\/\/schema.org","@graph":[{"@type":"WebPage","@id":"https:\/\/www.chateau-de-cabidos.com\/en\/nos-vignes\/","url":"https:\/\/www.chateau-de-cabidos.com\/en\/nos-vignes\/","name":"Our Vines - Ch\u00e2teau de Cabidos","isPartOf":{"@id":"https:\/\/www.chateau-de-cabidos.com\/en\/#website"},"primaryImageOfPage":{"@id":"https:\/\/www.chateau-de-cabidos.com\/en\/nos-vignes\/#primaryimage"},"image":{"@id":"https:\/\/www.chateau-de-cabidos.com\/en\/nos-vignes\/#primaryimage"},"thumbnailUrl":"http:\/\/www.chateau-de-cabidos.com\/wp-content\/uploads\/2016\/06\/cabidos-38.jpg","datePublished":"2016-05-27T10:05:27+00:00","dateModified":"2019-05-06T13:20:26+00:00","breadcrumb":{"@id":"https:\/\/www.chateau-de-cabidos.com\/en\/nos-vignes\/#breadcrumb"},"inLanguage":"en-US","potentialAction":[{"@type":"ReadAction","target":[["https:\/\/www.chateau-de-cabidos.com\/en\/nos-vignes\/"]]}]},{"@type":"ImageObject","inLanguage":"en-US","@id":"https:\/\/www.chateau-de-cabidos.com\/en\/nos-vignes\/#primaryimage","url":"http:\/\/www.chateau-de-cabidos.com\/wp-content\/uploads\/2016\/06\/cabidos-38.jpg","contentUrl":"http:\/\/www.chateau-de-cabidos.com\/wp-content\/uploads\/2016\/06\/cabidos-38.jpg"},{"@type":"BreadcrumbList","@id":"https:\/\/www.chateau-de-cabidos.com\/en\/nos-vignes\/#breadcrumb","itemListElement":[{"@type":"ListItem","position":1,"name":"Accueil","item":"https:\/\/www.chateau-de-cabidos.com\/en\/"},{"@type":"ListItem","position":2,"name":"Our Vines"}]},{"@type":"WebSite","@id":"https:\/\/www.chateau-de-cabidos.com\/en\/#website","url":"https:\/\/www.chateau-de-cabidos.com\/en\/","name":"Ch\u00e2teau de Cabidos","description":"","potentialAction":[{"@type":"SearchAction","target":{"@type":"EntryPoint","urlTemplate":"https:\/\/www.chateau-de-cabidos.com\/en\/?s={search_term_string}"},"query-input":{"@type":"PropertyValueSpecification","valueRequired":true,"valueName":"search_term_string"}}],"inLanguage":"en-US"}]}},"_links":{"self":[{"href":"https:\/\/www.chateau-de-cabidos.com\/en\/wp-json\/wp\/v2\/pages\/402","targetHints":{"allow":["GET"]}}],"collection":[{"href":"https:\/\/www.chateau-de-cabidos.com\/en\/wp-json\/wp\/v2\/pages"}],"about":[{"href":"https:\/\/www.chateau-de-cabidos.com\/en\/wp-json\/wp\/v2\/types\/page"}],"author":[{"embeddable":true,"href":"https:\/\/www.chateau-de-cabidos.com\/en\/wp-json\/wp\/v2\/users\/1"}],"replies":[{"embeddable":true,"href":"https:\/\/www.chateau-de-cabidos.com\/en\/wp-json\/wp\/v2\/comments?post=402"}],"version-history":[{"count":13,"href":"https:\/\/www.chateau-de-cabidos.com\/en\/wp-json\/wp\/v2\/pages\/402\/revisions"}],"predecessor-version":[{"id":902,"href":"https:\/\/www.chateau-de-cabidos.com\/en\/wp-json\/wp\/v2\/pages\/402\/revisions\/902"}],"wp:attachment":[{"href":"https:\/\/www.chateau-de-cabidos.com\/en\/wp-json\/wp\/v2\/media?parent=402"}],"curies":[{"name":"wp","href":"https:\/\/api.w.org\/{rel}","templated":true}]}}