{"id":423,"date":"2016-05-27T10:08:06","date_gmt":"2016-05-27T09:08:06","guid":{"rendered":"http:\/\/www.chateau-de-cabidos.com\/?page_id=423"},"modified":"2016-10-24T11:38:05","modified_gmt":"2016-10-24T10:38:05","slug":"notre-domaine","status":"publish","type":"page","link":"https:\/\/www.chateau-de-cabidos.com\/en\/notre-domaine\/","title":{"rendered":"Our Domaine"},"content":{"rendered":"<p><strong>Le Ch\u00e2teau de Cabidos est une b\u00e2tisse remarquable, inscrite sur la liste des monuments historiques.<\/strong><\/p>\n<p>On y acc\u00e8de par une remarquable all\u00e9e bord\u00e9e de cypr\u00e8s avant d\u2019en d\u00e9couvrir le charme unique. B\u00e2ti en contrebas du village de Cabidos, le ch\u00e2teau \u00e9tait propri\u00e9t\u00e9 de la famille de Trubess\u00e9 qui poss\u00e9da cette baronnie de 1419 \u00e0 la fin du 19e si\u00e8cle.<\/p>\n<p>A l\u2019origine, l\u2019\u00e9difice \u00e9tait certainement cantonn\u00e9 par quatre tours dont il n\u2019en reste qu\u2019une aujourd\u2019hui. Au XVIIIe si\u00e8cle, un\u00a0second b\u00e2timent\u00a0et une terrasse furent accol\u00e9s et on am\u00e9nagea encore les lieux au XIXe si\u00e8cle avec l\u2019ajout d\u2019un pavillon \u00e0 l\u2019entr\u00e9e du ch\u00e2teau avant d\u2019autres transformations au d\u00e9but du XXe si\u00e8cle.<\/p>\n<p>Aujourd\u2019hui inscrit \u00e0 l\u2019Inventaire suppl\u00e9mentaire des monuments historiques, l\u2019ensemble offre une apaisante coh\u00e9rence architecturale et ses airs de Toscane ravissent les visiteurs.<\/p>\n<p>Longtemps on a cultiv\u00e9 la vigne sur cette terre avant que cette tradition ne disparaisse peu \u00e0 peu. La propri\u00e9t\u00e9 \u00e9tait sortie de la famille avant de lui revenir en 1972. Vingt ans plus tard, avec la volont\u00e9 d\u2019Isabelle de Nazelle qui restaura les lieux, on replanta vingt premiers ares de vigne sur le coteau jouxtant le ch\u00e2teau et la premi\u00e8re mise en bouteille eu lieu en 1995. Ce sont finalement neuf hectares de vignes qui ont \u00e9t\u00e9 replant\u00e9es.<\/p>\n","protected":false},"excerpt":{"rendered":"<p>Le Ch\u00e2teau de Cabidos est une b\u00e2tisse remarquable, inscrite sur la liste des monuments historiques. On y acc\u00e8de par une [&hellip;]<\/p>\n","protected":false},"author":1,"featured_media":0,"parent":0,"menu_order":0,"comment_status":"closed","ping_status":"closed","template":"","meta":{"_acf_changed":false,"footnotes":""},"class_list":["post-423","page","type-page","status-publish","hentry"],"acf":[],"yoast_head":"<!-- This site is optimized with the Yoast SEO plugin v27.3 - https:\/\/yoast.com\/product\/yoast-seo-wordpress\/ -->\n<title>Our Domaine - Ch\u00e2teau de Cabidos<\/title>\n<meta name=\"description\" content=\"Ch\u00e2teau de Cabidos est une b\u00e2tisse remarquable, inscrite sur la liste des monuments historique. On y acc\u00e8de par une remarquable all\u00e9e bord\u00e9e de cypr\u00e8s.\" \/>\n<meta name=\"robots\" content=\"index, follow, max-snippet:-1, max-image-preview:large, max-video-preview:-1\" \/>\n<link rel=\"canonical\" href=\"https:\/\/www.chateau-de-cabidos.com\/en\/notre-domaine\/\" \/>\n<meta property=\"og:locale\" content=\"en_US\" \/>\n<meta property=\"og:type\" content=\"article\" \/>\n<meta property=\"og:title\" content=\"Our Domaine - Ch\u00e2teau de Cabidos\" \/>\n<meta property=\"og:description\" content=\"Ch\u00e2teau de Cabidos est une b\u00e2tisse remarquable, inscrite sur la liste des monuments historique. On y acc\u00e8de par une remarquable all\u00e9e bord\u00e9e de cypr\u00e8s.\" \/>\n<meta property=\"og:url\" content=\"https:\/\/www.chateau-de-cabidos.com\/en\/notre-domaine\/\" \/>\n<meta property=\"og:site_name\" content=\"Ch\u00e2teau de Cabidos\" \/>\n<meta property=\"article:modified_time\" content=\"2016-10-24T10:38:05+00:00\" \/>\n<meta name=\"twitter:card\" content=\"summary_large_image\" \/>\n<meta name=\"twitter:label1\" content=\"Est. reading time\" \/>\n\t<meta name=\"twitter:data1\" content=\"1 minute\" \/>\n<script type=\"application\/ld+json\" class=\"yoast-schema-graph\">{\"@context\":\"https:\\\/\\\/schema.org\",\"@graph\":[{\"@type\":\"WebPage\",\"@id\":\"https:\\\/\\\/www.chateau-de-cabidos.com\\\/en\\\/notre-domaine\\\/\",\"url\":\"https:\\\/\\\/www.chateau-de-cabidos.com\\\/en\\\/notre-domaine\\\/\",\"name\":\"Our Domaine - Ch\u00e2teau de Cabidos\",\"isPartOf\":{\"@id\":\"https:\\\/\\\/www.chateau-de-cabidos.com\\\/en\\\/#website\"},\"datePublished\":\"2016-05-27T09:08:06+00:00\",\"dateModified\":\"2016-10-24T10:38:05+00:00\",\"description\":\"Ch\u00e2teau de Cabidos est une b\u00e2tisse remarquable, inscrite sur la liste des monuments historique. On y acc\u00e8de par une remarquable all\u00e9e bord\u00e9e de cypr\u00e8s.\",\"breadcrumb\":{\"@id\":\"https:\\\/\\\/www.chateau-de-cabidos.com\\\/en\\\/notre-domaine\\\/#breadcrumb\"},\"inLanguage\":\"en-US\",\"potentialAction\":[{\"@type\":\"ReadAction\",\"target\":[[\"https:\\\/\\\/www.chateau-de-cabidos.com\\\/en\\\/notre-domaine\\\/\"]]}]},{\"@type\":\"BreadcrumbList\",\"@id\":\"https:\\\/\\\/www.chateau-de-cabidos.com\\\/en\\\/notre-domaine\\\/#breadcrumb\",\"itemListElement\":[{\"@type\":\"ListItem\",\"position\":1,\"name\":\"Accueil\",\"item\":\"https:\\\/\\\/www.chateau-de-cabidos.com\\\/en\\\/\"},{\"@type\":\"ListItem\",\"position\":2,\"name\":\"Notre Domaine\"}]},{\"@type\":\"WebSite\",\"@id\":\"https:\\\/\\\/www.chateau-de-cabidos.com\\\/en\\\/#website\",\"url\":\"https:\\\/\\\/www.chateau-de-cabidos.com\\\/en\\\/\",\"name\":\"Ch\u00e2teau de Cabidos\",\"description\":\"\",\"potentialAction\":[{\"@type\":\"SearchAction\",\"target\":{\"@type\":\"EntryPoint\",\"urlTemplate\":\"https:\\\/\\\/www.chateau-de-cabidos.com\\\/en\\\/?s={search_term_string}\"},\"query-input\":{\"@type\":\"PropertyValueSpecification\",\"valueRequired\":true,\"valueName\":\"search_term_string\"}}],\"inLanguage\":\"en-US\"}]}<\/script>\n<!-- \/ Yoast SEO plugin. -->","yoast_head_json":{"title":"Our Domaine - Ch\u00e2teau de Cabidos","description":"Ch\u00e2teau de Cabidos est une b\u00e2tisse remarquable, inscrite sur la liste des monuments historique. On y acc\u00e8de par une remarquable all\u00e9e bord\u00e9e de cypr\u00e8s.","robots":{"index":"index","follow":"follow","max-snippet":"max-snippet:-1","max-image-preview":"max-image-preview:large","max-video-preview":"max-video-preview:-1"},"canonical":"https:\/\/www.chateau-de-cabidos.com\/en\/notre-domaine\/","og_locale":"en_US","og_type":"article","og_title":"Our Domaine - Ch\u00e2teau de Cabidos","og_description":"Ch\u00e2teau de Cabidos est une b\u00e2tisse remarquable, inscrite sur la liste des monuments historique. On y acc\u00e8de par une remarquable all\u00e9e bord\u00e9e de cypr\u00e8s.","og_url":"https:\/\/www.chateau-de-cabidos.com\/en\/notre-domaine\/","og_site_name":"Ch\u00e2teau de Cabidos","article_modified_time":"2016-10-24T10:38:05+00:00","twitter_card":"summary_large_image","twitter_misc":{"Est. reading time":"1 minute"},"schema":{"@context":"https:\/\/schema.org","@graph":[{"@type":"WebPage","@id":"https:\/\/www.chateau-de-cabidos.com\/en\/notre-domaine\/","url":"https:\/\/www.chateau-de-cabidos.com\/en\/notre-domaine\/","name":"Our Domaine - Ch\u00e2teau de Cabidos","isPartOf":{"@id":"https:\/\/www.chateau-de-cabidos.com\/en\/#website"},"datePublished":"2016-05-27T09:08:06+00:00","dateModified":"2016-10-24T10:38:05+00:00","description":"Ch\u00e2teau de Cabidos est une b\u00e2tisse remarquable, inscrite sur la liste des monuments historique. On y acc\u00e8de par une remarquable all\u00e9e bord\u00e9e de cypr\u00e8s.","breadcrumb":{"@id":"https:\/\/www.chateau-de-cabidos.com\/en\/notre-domaine\/#breadcrumb"},"inLanguage":"en-US","potentialAction":[{"@type":"ReadAction","target":[["https:\/\/www.chateau-de-cabidos.com\/en\/notre-domaine\/"]]}]},{"@type":"BreadcrumbList","@id":"https:\/\/www.chateau-de-cabidos.com\/en\/notre-domaine\/#breadcrumb","itemListElement":[{"@type":"ListItem","position":1,"name":"Accueil","item":"https:\/\/www.chateau-de-cabidos.com\/en\/"},{"@type":"ListItem","position":2,"name":"Notre Domaine"}]},{"@type":"WebSite","@id":"https:\/\/www.chateau-de-cabidos.com\/en\/#website","url":"https:\/\/www.chateau-de-cabidos.com\/en\/","name":"Ch\u00e2teau de Cabidos","description":"","potentialAction":[{"@type":"SearchAction","target":{"@type":"EntryPoint","urlTemplate":"https:\/\/www.chateau-de-cabidos.com\/en\/?s={search_term_string}"},"query-input":{"@type":"PropertyValueSpecification","valueRequired":true,"valueName":"search_term_string"}}],"inLanguage":"en-US"}]}},"_links":{"self":[{"href":"https:\/\/www.chateau-de-cabidos.com\/en\/wp-json\/wp\/v2\/pages\/423","targetHints":{"allow":["GET"]}}],"collection":[{"href":"https:\/\/www.chateau-de-cabidos.com\/en\/wp-json\/wp\/v2\/pages"}],"about":[{"href":"https:\/\/www.chateau-de-cabidos.com\/en\/wp-json\/wp\/v2\/types\/page"}],"author":[{"embeddable":true,"href":"https:\/\/www.chateau-de-cabidos.com\/en\/wp-json\/wp\/v2\/users\/1"}],"replies":[{"embeddable":true,"href":"https:\/\/www.chateau-de-cabidos.com\/en\/wp-json\/wp\/v2\/comments?post=423"}],"version-history":[{"count":3,"href":"https:\/\/www.chateau-de-cabidos.com\/en\/wp-json\/wp\/v2\/pages\/423\/revisions"}],"predecessor-version":[{"id":594,"href":"https:\/\/www.chateau-de-cabidos.com\/en\/wp-json\/wp\/v2\/pages\/423\/revisions\/594"}],"wp:attachment":[{"href":"https:\/\/www.chateau-de-cabidos.com\/en\/wp-json\/wp\/v2\/media?parent=423"}],"curies":[{"name":"wp","href":"https:\/\/api.w.org\/{rel}","templated":true}]}}