{"id":652,"date":"2017-03-16T16:20:55","date_gmt":"2017-03-16T15:20:55","guid":{"rendered":"http:\/\/www.chateau-de-cabidos.com\/?page_id=652"},"modified":"2017-03-16T16:28:24","modified_gmt":"2017-03-16T15:28:24","slug":"offre-speciale-chr-4-cuvees-selectionnees-jusquau-9-avril-2017","status":"publish","type":"page","link":"https:\/\/www.chateau-de-cabidos.com\/en\/offre-speciale-chr-4-cuvees-selectionnees-jusquau-9-avril-2017\/","title":{"rendered":"Offre sp\u00e9ciale sur 4 cuv\u00e9es s\u00e9lectionn\u00e9e"},"content":{"rendered":"<p class=\"qtranxs-available-languages-message qtranxs-available-languages-message-en\">Sorry, this entry is only available in <a href=\"https:\/\/www.chateau-de-cabidos.com\/fr\/wp-json\/wp\/v2\/pages\/652\" class=\"qtranxs-available-language-link qtranxs-available-language-link-fr\" title=\"Fr\">Fr<\/a>.<\/p>","protected":false},"excerpt":{"rendered":"<p>Sorry, this entry is only available in Fr.<\/p>\n","protected":false},"author":1,"featured_media":0,"parent":0,"menu_order":0,"comment_status":"closed","ping_status":"closed","template":"","meta":{"_acf_changed":false,"footnotes":""},"class_list":["post-652","page","type-page","status-publish","hentry"],"acf":[],"yoast_head":"<!-- This site is optimized with the Yoast SEO plugin v27.5 - https:\/\/yoast.com\/product\/yoast-seo-wordpress\/ -->\n<title>Offre sp\u00e9ciale sur 4 cuv\u00e9es s\u00e9lectionn\u00e9e - Ch\u00e2teau de Cabidos<\/title>\n<meta name=\"robots\" content=\"index, follow, max-snippet:-1, max-image-preview:large, max-video-preview:-1\" \/>\n<link rel=\"canonical\" href=\"https:\/\/www.chateau-de-cabidos.com\/en\/offre-speciale-chr-4-cuvees-selectionnees-jusquau-9-avril-2017\/\" \/>\n<meta property=\"og:locale\" content=\"en_US\" \/>\n<meta property=\"og:type\" content=\"article\" \/>\n<meta property=\"og:title\" content=\"Offre sp\u00e9ciale sur 4 cuv\u00e9es s\u00e9lectionn\u00e9e - Ch\u00e2teau de Cabidos\" \/>\n<meta property=\"og:description\" content=\"Sorry, this entry is only available in Fr.\" \/>\n<meta property=\"og:url\" content=\"https:\/\/www.chateau-de-cabidos.com\/en\/offre-speciale-chr-4-cuvees-selectionnees-jusquau-9-avril-2017\/\" \/>\n<meta property=\"og:site_name\" content=\"Ch\u00e2teau de Cabidos\" \/>\n<meta property=\"article:modified_time\" content=\"2017-03-16T15:28:24+00:00\" \/>\n<meta property=\"og:image\" content=\"http:\/\/www.chateau-de-cabidos.com\/wp-content\/uploads\/2017\/03\/chr-01-499x1024.jpg\" \/>\n<meta name=\"twitter:card\" content=\"summary_large_image\" \/>\n<script type=\"application\/ld+json\" class=\"yoast-schema-graph\">{\"@context\":\"https:\\\/\\\/schema.org\",\"@graph\":[{\"@type\":\"WebPage\",\"@id\":\"https:\\\/\\\/www.chateau-de-cabidos.com\\\/en\\\/offre-speciale-chr-4-cuvees-selectionnees-jusquau-9-avril-2017\\\/\",\"url\":\"https:\\\/\\\/www.chateau-de-cabidos.com\\\/en\\\/offre-speciale-chr-4-cuvees-selectionnees-jusquau-9-avril-2017\\\/\",\"name\":\"Offre sp\u00e9ciale sur 4 cuv\u00e9es s\u00e9lectionn\u00e9e - Ch\u00e2teau de Cabidos\",\"isPartOf\":{\"@id\":\"https:\\\/\\\/www.chateau-de-cabidos.com\\\/en\\\/#website\"},\"primaryImageOfPage\":{\"@id\":\"https:\\\/\\\/www.chateau-de-cabidos.com\\\/en\\\/offre-speciale-chr-4-cuvees-selectionnees-jusquau-9-avril-2017\\\/#primaryimage\"},\"image\":{\"@id\":\"https:\\\/\\\/www.chateau-de-cabidos.com\\\/en\\\/offre-speciale-chr-4-cuvees-selectionnees-jusquau-9-avril-2017\\\/#primaryimage\"},\"thumbnailUrl\":\"http:\\\/\\\/www.chateau-de-cabidos.com\\\/wp-content\\\/uploads\\\/2017\\\/03\\\/chr-01-499x1024.jpg\",\"datePublished\":\"2017-03-16T15:20:55+00:00\",\"dateModified\":\"2017-03-16T15:28:24+00:00\",\"breadcrumb\":{\"@id\":\"https:\\\/\\\/www.chateau-de-cabidos.com\\\/en\\\/offre-speciale-chr-4-cuvees-selectionnees-jusquau-9-avril-2017\\\/#breadcrumb\"},\"inLanguage\":\"en-US\",\"potentialAction\":[{\"@type\":\"ReadAction\",\"target\":[[\"https:\\\/\\\/www.chateau-de-cabidos.com\\\/en\\\/offre-speciale-chr-4-cuvees-selectionnees-jusquau-9-avril-2017\\\/\"]]}]},{\"@type\":\"ImageObject\",\"inLanguage\":\"en-US\",\"@id\":\"https:\\\/\\\/www.chateau-de-cabidos.com\\\/en\\\/offre-speciale-chr-4-cuvees-selectionnees-jusquau-9-avril-2017\\\/#primaryimage\",\"url\":\"http:\\\/\\\/www.chateau-de-cabidos.com\\\/wp-content\\\/uploads\\\/2017\\\/03\\\/chr-01-499x1024.jpg\",\"contentUrl\":\"http:\\\/\\\/www.chateau-de-cabidos.com\\\/wp-content\\\/uploads\\\/2017\\\/03\\\/chr-01-499x1024.jpg\"},{\"@type\":\"BreadcrumbList\",\"@id\":\"https:\\\/\\\/www.chateau-de-cabidos.com\\\/en\\\/offre-speciale-chr-4-cuvees-selectionnees-jusquau-9-avril-2017\\\/#breadcrumb\",\"itemListElement\":[{\"@type\":\"ListItem\",\"position\":1,\"name\":\"Accueil\",\"item\":\"https:\\\/\\\/www.chateau-de-cabidos.com\\\/en\\\/\"},{\"@type\":\"ListItem\",\"position\":2,\"name\":\"Offre sp\u00e9ciale sur 4 cuv\u00e9es s\u00e9lectionn\u00e9e\"}]},{\"@type\":\"WebSite\",\"@id\":\"https:\\\/\\\/www.chateau-de-cabidos.com\\\/en\\\/#website\",\"url\":\"https:\\\/\\\/www.chateau-de-cabidos.com\\\/en\\\/\",\"name\":\"Ch\u00e2teau de Cabidos\",\"description\":\"\",\"potentialAction\":[{\"@type\":\"SearchAction\",\"target\":{\"@type\":\"EntryPoint\",\"urlTemplate\":\"https:\\\/\\\/www.chateau-de-cabidos.com\\\/en\\\/?s={search_term_string}\"},\"query-input\":{\"@type\":\"PropertyValueSpecification\",\"valueRequired\":true,\"valueName\":\"search_term_string\"}}],\"inLanguage\":\"en-US\"}]}<\/script>\n<!-- \/ Yoast SEO plugin. -->","yoast_head_json":{"title":"Offre sp\u00e9ciale sur 4 cuv\u00e9es s\u00e9lectionn\u00e9e - Ch\u00e2teau de Cabidos","robots":{"index":"index","follow":"follow","max-snippet":"max-snippet:-1","max-image-preview":"max-image-preview:large","max-video-preview":"max-video-preview:-1"},"canonical":"https:\/\/www.chateau-de-cabidos.com\/en\/offre-speciale-chr-4-cuvees-selectionnees-jusquau-9-avril-2017\/","og_locale":"en_US","og_type":"article","og_title":"Offre sp\u00e9ciale sur 4 cuv\u00e9es s\u00e9lectionn\u00e9e - Ch\u00e2teau de Cabidos","og_description":"Sorry, this entry is only available in Fr.","og_url":"https:\/\/www.chateau-de-cabidos.com\/en\/offre-speciale-chr-4-cuvees-selectionnees-jusquau-9-avril-2017\/","og_site_name":"Ch\u00e2teau de Cabidos","article_modified_time":"2017-03-16T15:28:24+00:00","og_image":[{"url":"http:\/\/www.chateau-de-cabidos.com\/wp-content\/uploads\/2017\/03\/chr-01-499x1024.jpg","type":"","width":"","height":""}],"twitter_card":"summary_large_image","schema":{"@context":"https:\/\/schema.org","@graph":[{"@type":"WebPage","@id":"https:\/\/www.chateau-de-cabidos.com\/en\/offre-speciale-chr-4-cuvees-selectionnees-jusquau-9-avril-2017\/","url":"https:\/\/www.chateau-de-cabidos.com\/en\/offre-speciale-chr-4-cuvees-selectionnees-jusquau-9-avril-2017\/","name":"Offre sp\u00e9ciale sur 4 cuv\u00e9es s\u00e9lectionn\u00e9e - Ch\u00e2teau de Cabidos","isPartOf":{"@id":"https:\/\/www.chateau-de-cabidos.com\/en\/#website"},"primaryImageOfPage":{"@id":"https:\/\/www.chateau-de-cabidos.com\/en\/offre-speciale-chr-4-cuvees-selectionnees-jusquau-9-avril-2017\/#primaryimage"},"image":{"@id":"https:\/\/www.chateau-de-cabidos.com\/en\/offre-speciale-chr-4-cuvees-selectionnees-jusquau-9-avril-2017\/#primaryimage"},"thumbnailUrl":"http:\/\/www.chateau-de-cabidos.com\/wp-content\/uploads\/2017\/03\/chr-01-499x1024.jpg","datePublished":"2017-03-16T15:20:55+00:00","dateModified":"2017-03-16T15:28:24+00:00","breadcrumb":{"@id":"https:\/\/www.chateau-de-cabidos.com\/en\/offre-speciale-chr-4-cuvees-selectionnees-jusquau-9-avril-2017\/#breadcrumb"},"inLanguage":"en-US","potentialAction":[{"@type":"ReadAction","target":[["https:\/\/www.chateau-de-cabidos.com\/en\/offre-speciale-chr-4-cuvees-selectionnees-jusquau-9-avril-2017\/"]]}]},{"@type":"ImageObject","inLanguage":"en-US","@id":"https:\/\/www.chateau-de-cabidos.com\/en\/offre-speciale-chr-4-cuvees-selectionnees-jusquau-9-avril-2017\/#primaryimage","url":"http:\/\/www.chateau-de-cabidos.com\/wp-content\/uploads\/2017\/03\/chr-01-499x1024.jpg","contentUrl":"http:\/\/www.chateau-de-cabidos.com\/wp-content\/uploads\/2017\/03\/chr-01-499x1024.jpg"},{"@type":"BreadcrumbList","@id":"https:\/\/www.chateau-de-cabidos.com\/en\/offre-speciale-chr-4-cuvees-selectionnees-jusquau-9-avril-2017\/#breadcrumb","itemListElement":[{"@type":"ListItem","position":1,"name":"Accueil","item":"https:\/\/www.chateau-de-cabidos.com\/en\/"},{"@type":"ListItem","position":2,"name":"Offre sp\u00e9ciale sur 4 cuv\u00e9es s\u00e9lectionn\u00e9e"}]},{"@type":"WebSite","@id":"https:\/\/www.chateau-de-cabidos.com\/en\/#website","url":"https:\/\/www.chateau-de-cabidos.com\/en\/","name":"Ch\u00e2teau de Cabidos","description":"","potentialAction":[{"@type":"SearchAction","target":{"@type":"EntryPoint","urlTemplate":"https:\/\/www.chateau-de-cabidos.com\/en\/?s={search_term_string}"},"query-input":{"@type":"PropertyValueSpecification","valueRequired":true,"valueName":"search_term_string"}}],"inLanguage":"en-US"}]}},"_links":{"self":[{"href":"https:\/\/www.chateau-de-cabidos.com\/en\/wp-json\/wp\/v2\/pages\/652","targetHints":{"allow":["GET"]}}],"collection":[{"href":"https:\/\/www.chateau-de-cabidos.com\/en\/wp-json\/wp\/v2\/pages"}],"about":[{"href":"https:\/\/www.chateau-de-cabidos.com\/en\/wp-json\/wp\/v2\/types\/page"}],"author":[{"embeddable":true,"href":"https:\/\/www.chateau-de-cabidos.com\/en\/wp-json\/wp\/v2\/users\/1"}],"replies":[{"embeddable":true,"href":"https:\/\/www.chateau-de-cabidos.com\/en\/wp-json\/wp\/v2\/comments?post=652"}],"version-history":[{"count":2,"href":"https:\/\/www.chateau-de-cabidos.com\/en\/wp-json\/wp\/v2\/pages\/652\/revisions"}],"predecessor-version":[{"id":658,"href":"https:\/\/www.chateau-de-cabidos.com\/en\/wp-json\/wp\/v2\/pages\/652\/revisions\/658"}],"wp:attachment":[{"href":"https:\/\/www.chateau-de-cabidos.com\/en\/wp-json\/wp\/v2\/media?parent=652"}],"curies":[{"name":"wp","href":"https:\/\/api.w.org\/{rel}","templated":true}]}}