{"id":750,"date":"2018-09-17T10:48:49","date_gmt":"2018-09-17T09:48:49","guid":{"rendered":"http:\/\/www.chateau-de-cabidos.com\/?page_id=750"},"modified":"2018-09-17T10:48:49","modified_gmt":"2018-09-17T09:48:49","slug":"les-archives-de-cabidos","status":"publish","type":"page","link":"https:\/\/www.chateau-de-cabidos.com\/en\/les-archives-de-cabidos\/","title":{"rendered":"The Cabidos Archives"},"content":{"rendered":"<p><\/p>\n<h2><strong>Arnauton Guilhem Du Vignau: \u201cI set forth\u201d<\/strong><\/h2>\n<p>The 9th April 1419, in the year of our Lord. It was not for the first time that he reached the summit of the hill at Cabidos, situated a half-league away from his estate of Arbleix at Philondex in neighbouring Tursan. He had always loved the view over towards the Pyr\u00e9n\u00e9es from this vantage point, where he often came to wonder at the spectacle of this beauty, so eternal, and to say to himself, as Alphonse de Lamartine said of Pau four centuries later: <em>\u201cit\u2019s the most beautiful view on earth!\u201d<\/em><\/p>\n<p>That day, however, his gaze was different. Three days prior our man had changed his status, and with it, his bearing \u2013 he had become the new Baron Trubess\u00e9. Arnauton Guilhem Du Vignau, the man who bought, for 200 gold florins at the office of the Royal Notary Ma\u00eetre Daubin, the Barony of Trubess\u00e9 and its holdings, with, in accordance with feudal legislation, all associated seigniorial rights and titles.<\/p>\n<p>Certainly the Barony came under the Viscount of Louvigny, the Duke of Grammont, but the title of Baron Trubess\u00e9 made him all the same the Lord of the Abbey of Pimbo, the Lord of Arbleix, of P\u00e9chevin, of Bugnein, of Boursac, of Saint Sorlin du Coudret, of Curley, of Barbasse, of Taillancourt, co-Lord of Barenne et Cavier de <a href=\"http:\/\/www.chateau-de-cabidos.com\/wp-content\/uploads\/2015\/10\/blason.jpg\"><img loading=\"lazy\" decoding=\"async\" class=\"size-medium wp-image-487 alignright\" src=\"http:\/\/www.chateau-de-cabidos.com\/wp-content\/uploads\/2015\/10\/blason-300x254.jpg\" alt=\"blason\" width=\"300\" height=\"254\" srcset=\"https:\/\/www.chateau-de-cabidos.com\/wp-content\/uploads\/2015\/10\/blason-300x254.jpg 300w, https:\/\/www.chateau-de-cabidos.com\/wp-content\/uploads\/2015\/10\/blason-400x338.jpg 400w, https:\/\/www.chateau-de-cabidos.com\/wp-content\/uploads\/2015\/10\/blason.jpg 558w\" sizes=\"auto, (max-width: 300px) 100vw, 300px\" \/><\/a>Garos and of Cabidos, and allowed him moreover to bear the arms of Trubess\u00e9.  <em>\u201cA magnificent golden eagle holding in its beak an arrow with silver fletching, the arrowhead pointed high, and standing boldly on the blade of a sword, hilt facing.  Crowned by a baronial stamp: a terrifying knight\u2019s helmet with its visor facing head on; the whole supported on either side by two imposing griffons.\u201d<\/em><\/p>\n<p>From a ledge halfway up the hill, he saw what would become the heart of his fief, the Ch\u00e2teau of Cabidos. The building appeared austere with its four towers around the main building, but he had already devised his plans. In a few weeks he would take a wife and they would come to live here. With her, he would remodel the building and would extend also the village church, set like a pearl on the pinnacle of the estate.<\/p>\n<p>He knew also that the land of Cabidos was well drained and generous. With its south-facing orientation he could plant vines and trade with the English merchants who were rife in the region.  The subjects of Henry V, the King of England and Duke of Aquitaine, were neighbours of Trubess\u00e9 and highly fond of the wines of B\u00e9arn and Tursan which they came to buy at Arzacq, the region\u2019s most important market.<\/p>\n<p>The son and sole heir of all the lands and titles of Trubess\u00e9 belonging to Arnauton Guilhem, was Menard du Vignau. Menard defended relentlessly his baronial rights and was upheld as a noble by the judgement of the Viscount of Louvigny. Bertonnier, who would succeed him, died in 1512 in the battle of Brescia in Italy, in the service of Gaston of Foix.<\/p>\n<h2> <a href=\"http:\/\/www.chateau-de-cabidos.com\/wp-content\/uploads\/2015\/10\/cabidos-66.jpg\"><img loading=\"lazy\" decoding=\"async\" class=\"alignnone size-full wp-image-491\" src=\"http:\/\/www.chateau-de-cabidos.com\/wp-content\/uploads\/2015\/10\/cabidos-66.jpg\" alt=\"cabidos-66\" width=\"1020\" height=\"693\" srcset=\"https:\/\/www.chateau-de-cabidos.com\/wp-content\/uploads\/2015\/10\/cabidos-66.jpg 1020w, https:\/\/www.chateau-de-cabidos.com\/wp-content\/uploads\/2015\/10\/cabidos-66-300x204.jpg 300w, https:\/\/www.chateau-de-cabidos.com\/wp-content\/uploads\/2015\/10\/cabidos-66-768x522.jpg 768w, https:\/\/www.chateau-de-cabidos.com\/wp-content\/uploads\/2015\/10\/cabidos-66-799x543.jpg 799w, https:\/\/www.chateau-de-cabidos.com\/wp-content\/uploads\/2015\/10\/cabidos-66-600x408.jpg 600w, https:\/\/www.chateau-de-cabidos.com\/wp-content\/uploads\/2015\/10\/cabidos-66-400x272.jpg 400w, https:\/\/www.chateau-de-cabidos.com\/wp-content\/uploads\/2015\/10\/cabidos-66-800x544.jpg 800w\" sizes=\"auto, (max-width: 1020px) 100vw, 1020px\" \/><\/a><\/h2>\n<h2><strong>Jacques the Builder<\/strong><\/h2>\n<p>It is with Jacques that the title of Baron of Trubess\u00e9 reappears in 1554. He undertook major renovations to the Ch\u00e2teau, keeping only two of the four towers, and adding a main building more suitable for the life of a noble family. Jacques spent all of his life at the Ch\u00e2teau, from where he supervised the 3,500 hectares of his estate; and it is to Jacques that we owe the creation of the sweet white wine from the vineyards of Cabidos, a nectar so highly-renowned and so greatly-appreciated that it was served on the table of the Lord of Gramon and Prince of Bidache, Antoine the First, named \u201cl\u2019ou gentil\u201d (\u201cthe kind\u201d) by his vassals in recognition of his great goodness.<\/p>\n<p>The following generations were divided between the work of the lands and vineyards, bearing arms in the service of the king, and becoming priests in the service of the church. Dominique was a Lieutenant under Charles IX; Pierre was the priest of Monein; Mathieu was honoured by the hand of Henry IV in person for his excellent military service; another Mathieu was promoted by licence of Louis XIII to the grade of Captain in Chief of the Regiment of B\u00e9arn; Elie was Captain of the Regiment of Champagne for Louis XIV; Bernard was in the legal service of the Pope; other descendants of Du Vigneau de Trubess\u00e9 became Knights of Saint Louis, or canons and priests at Cabidos and in neighbouring parishes; and thus succeeded the line of this noble family of B\u00e9arn.<\/p>\n<p>During the 18<sup>th<\/sup> Century the successive barons of the House of Trubess\u00e9 added a second building to the side and north of the Ch\u00e2teau, as well as a terrace. The demolition of one of the two remaining towers enabled this extension, as well as the construction of a winery to store the produce of the vines of Cabidos.<\/p>\n<h2><strong>Saving family and Ch\u00e2teau: the blood of the vines<\/strong><\/h2>\n<p>The family Du Vignau de Trubess\u00e9 dedicated themselves to the benefit of their barony and its vassals during the following centuries which brought troubled times. When the revolution and the ensuing \u2018terror\u2019 of 1793 broke out, the very young Jean-Baptiste was living with his family. The Ch\u00e2teau of Cabidos was sacked and set alight by a group of revolutionaries who had come from the direction of Lescar. Jean-Baptiste\u2019s mother saved their lives, as well as the rest of the estate, by directing the revolutionaries to the winery where their anger was dispelled as they set about drinking the estate\u2019s entire stocks of wine.<\/p>\n<p>With his mother and his five brothers and sisters, the family found themselves plunged into misery, relentlessly threatened with denouncement as aristocrats, and at the risk of finding their heads on the guillotine. When the torment had passed, Jean-Baptiste set about rebuilding the House of Trubess\u00e9 and its estate. Notably, at the entrance of the Ch\u00e2teau he established the garden in its current form.<\/p>\n<p><a href=\"http:\/\/www.chateau-de-cabidos.com\/wp-content\/uploads\/2016\/06\/cabidos-31.jpg\"><img loading=\"lazy\" decoding=\"async\" class=\"size-medium wp-image-479 alignright\" src=\"http:\/\/www.chateau-de-cabidos.com\/wp-content\/uploads\/2016\/06\/cabidos-31-200x300.jpg\" alt=\"cabidos-31\" width=\"200\" height=\"300\" srcset=\"https:\/\/www.chateau-de-cabidos.com\/wp-content\/uploads\/2016\/06\/cabidos-31-200x300.jpg 200w, https:\/\/www.chateau-de-cabidos.com\/wp-content\/uploads\/2016\/06\/cabidos-31-362x543.jpg 362w, https:\/\/www.chateau-de-cabidos.com\/wp-content\/uploads\/2016\/06\/cabidos-31-267x400.jpg 267w, https:\/\/www.chateau-de-cabidos.com\/wp-content\/uploads\/2016\/06\/cabidos-31.jpg 462w\" sizes=\"auto, (max-width: 200px) 100vw, 200px\" \/><\/a>In 1841, Antoine-Jules was nominated Mayor of Cabidos and fulfilled this function until 1865, after which he was replaced by his son. On the 12<sup>th<\/sup> January 1862, he was nominated a member of the General Council of the Basses-Pyr\u00e9n\u00e9es for the canton of Arzacq. His son, the 15<sup>th<\/sup> Baron of Trubess\u00e9, Jean-Baptiste-Adrien-Amed\u00e9e Du Vignau, would barely see the return of the empire with Napoleon III. As a good number of the representatives of the B\u00e9arn nobility, he would stay faithful to the descendants of B\u00e9arn, the King of France Henry IV, and he took his place in the camp of the \u2018Legitimistes\u2019.<\/p>\n<p>It is to him that we owe the creation of the Chapel to the Virgin of the Apocalypse in the tower of the Ch\u00e2teau of Cabidos, and he found himself honoured as a gentleman to the highest lay orders of the Vatican by being nominated to the Office of the Cloak and Dagger of His Holiness, Pope Pie IX. He passed away in 1884 without heirs. His sister, Marie-Catherine of Trubess\u00e9, married in 1863 Armand Cogombles, originally from Bielle, and mayor of Bruges in the valley of Ossau.<\/p>\n<p>Through the line of succession and assignations the first half of the 20<sup>th<\/sup> Century saw the estate\u2019s lands and vineyards lose their splendour, until the marriage in 1953 of Isabelle Cogombles, great grand-daughter of Marie-Catherine of Trubess\u00e9, with Philipe, Comte du Cauz\u00e9 de Nazelle.<\/p>\n<h2><strong>The renaissance of Cabidos<\/strong><\/h2>\n<p>With the Ch\u00e2teau of Cabidos restored to the family, Philippe de Nazelle decided in 1972 to come and live in this enchanting place, where his wife Isabelle had spent the holidays of her youth.  If the view over to the Pyr\u00e9n\u00e9es spread forth in its immutable beauty, it was not the same for the Ch\u00e2teau with its crumbling walls, its neglected lands and its garden overgrown with weeds. Twenty years would be necessary to restore the estate and replant the first 20 ares of vines on the slope adjacent to the Ch\u00e2teau. Today, since the first bottling in 1995, nine hectares have been replanted.<\/p>\n<p>Already present on the slopes of the B\u00e9arn in the time of Henry IV, the local grape variety, the petit manseng, extends to 7.3 hectares and produces both sweet and dry white wines; a hectare of sauvignon and a half-hectare of chardonnay were also planted, and complemented by 0.35 hectares of syrah, enabling the production of a red wine. The family\u2019s wine production, re-established by Isabelle de Nazelle, was then further developed by her two sons Vivien and his wife Madeleine, and Edouard. They were assisted throughout by the expertise of Jean-Michel Novelle, a world-renowned Swiss oenologist and winemaker.<\/p>\n<p>In 2002 a temperature-controlled winery was built, and in 2007 Madame M\u00e9o Sakorn-S\u00e9ri\u00e8s became Ma\u00eetre de Chai (Cellarmaster) and Technical Director. Meo is the only Thai woman in France, and possibly the world, to be the director of a vineyard and winery.<\/p>\n<p>&nbsp;<\/p>\n<p><\/p>","protected":false},"excerpt":{"rendered":"<p>Arnauton Guilhem Du Vignau: \u201cI set forth\u201d The 9th April 1419, in the year of our Lord. It was not [&hellip;]<\/p>\n","protected":false},"author":1,"featured_media":0,"parent":0,"menu_order":0,"comment_status":"closed","ping_status":"closed","template":"","meta":{"_acf_changed":false,"footnotes":""},"class_list":["post-750","page","type-page","status-publish","hentry"],"acf":[],"yoast_head":"<!-- This site is optimized with the Yoast SEO plugin v27.3 - https:\/\/yoast.com\/product\/yoast-seo-wordpress\/ -->\n<title>The Cabidos Archives - Ch\u00e2teau de Cabidos<\/title>\n<meta name=\"robots\" content=\"index, follow, max-snippet:-1, max-image-preview:large, max-video-preview:-1\" \/>\n<link rel=\"canonical\" href=\"https:\/\/www.chateau-de-cabidos.com\/en\/les-archives-de-cabidos\/\" \/>\n<meta property=\"og:locale\" content=\"en_US\" \/>\n<meta property=\"og:type\" content=\"article\" \/>\n<meta property=\"og:title\" content=\"The Cabidos Archives - Ch\u00e2teau de Cabidos\" \/>\n<meta property=\"og:description\" content=\"Arnauton Guilhem Du Vignau: \u201cI set forth\u201d The 9th April 1419, in the year of our Lord. It was not [&hellip;]\" \/>\n<meta property=\"og:url\" content=\"https:\/\/www.chateau-de-cabidos.com\/en\/les-archives-de-cabidos\/\" \/>\n<meta property=\"og:site_name\" content=\"Ch\u00e2teau de Cabidos\" \/>\n<meta property=\"og:image\" content=\"http:\/\/www.chateau-de-cabidos.com\/wp-content\/uploads\/2015\/10\/blason-300x254.jpg\" \/>\n<meta name=\"twitter:card\" content=\"summary_large_image\" \/>\n<meta name=\"twitter:label1\" content=\"Est. reading time\" \/>\n\t<meta name=\"twitter:data1\" content=\"15 minutes\" \/>\n<script type=\"application\/ld+json\" class=\"yoast-schema-graph\">{\"@context\":\"https:\\\/\\\/schema.org\",\"@graph\":[{\"@type\":\"WebPage\",\"@id\":\"https:\\\/\\\/www.chateau-de-cabidos.com\\\/en\\\/les-archives-de-cabidos\\\/\",\"url\":\"https:\\\/\\\/www.chateau-de-cabidos.com\\\/en\\\/les-archives-de-cabidos\\\/\",\"name\":\"The Cabidos Archives - Ch\u00e2teau de Cabidos\",\"isPartOf\":{\"@id\":\"https:\\\/\\\/www.chateau-de-cabidos.com\\\/en\\\/#website\"},\"primaryImageOfPage\":{\"@id\":\"https:\\\/\\\/www.chateau-de-cabidos.com\\\/en\\\/les-archives-de-cabidos\\\/#primaryimage\"},\"image\":{\"@id\":\"https:\\\/\\\/www.chateau-de-cabidos.com\\\/les-archives-de-cabidos\\\/#primaryimage\"},\"thumbnailUrl\":\"http:\\\/\\\/www.chateau-de-cabidos.com\\\/wp-content\\\/uploads\\\/2015\\\/10\\\/blason-300x254.jpg\",\"datePublished\":\"2018-09-17T09:48:49+00:00\",\"breadcrumb\":{\"@id\":\"https:\\\/\\\/www.chateau-de-cabidos.com\\\/en\\\/les-archives-de-cabidos\\\/#breadcrumb\"},\"inLanguage\":\"en-US\",\"potentialAction\":[{\"@type\":\"ReadAction\",\"target\":[[\"https:\\\/\\\/www.chateau-de-cabidos.com\\\/en\\\/les-archives-de-cabidos\\\/\"]]}]},{\"@type\":\"ImageObject\",\"inLanguage\":\"en-US\",\"@id\":\"https:\\\/\\\/www.chateau-de-cabidos.com\\\/en\\\/les-archives-de-cabidos\\\/#primaryimage\",\"url\":\"http:\\\/\\\/www.chateau-de-cabidos.com\\\/wp-content\\\/uploads\\\/2015\\\/10\\\/blason-300x254.jpg\",\"contentUrl\":\"http:\\\/\\\/www.chateau-de-cabidos.com\\\/wp-content\\\/uploads\\\/2015\\\/10\\\/blason-300x254.jpg\"},{\"@type\":\"BreadcrumbList\",\"@id\":\"https:\\\/\\\/www.chateau-de-cabidos.com\\\/en\\\/les-archives-de-cabidos\\\/#breadcrumb\",\"itemListElement\":[{\"@type\":\"ListItem\",\"position\":1,\"name\":\"Accueil\",\"item\":\"https:\\\/\\\/www.chateau-de-cabidos.com\\\/en\\\/\"},{\"@type\":\"ListItem\",\"position\":2,\"name\":\"Les archives de Cabidos\"}]},{\"@type\":\"WebSite\",\"@id\":\"https:\\\/\\\/www.chateau-de-cabidos.com\\\/en\\\/#website\",\"url\":\"https:\\\/\\\/www.chateau-de-cabidos.com\\\/en\\\/\",\"name\":\"Ch\u00e2teau de Cabidos\",\"description\":\"\",\"potentialAction\":[{\"@type\":\"SearchAction\",\"target\":{\"@type\":\"EntryPoint\",\"urlTemplate\":\"https:\\\/\\\/www.chateau-de-cabidos.com\\\/en\\\/?s={search_term_string}\"},\"query-input\":{\"@type\":\"PropertyValueSpecification\",\"valueRequired\":true,\"valueName\":\"search_term_string\"}}],\"inLanguage\":\"en-US\"}]}<\/script>\n<!-- \/ Yoast SEO plugin. -->","yoast_head_json":{"title":"The Cabidos Archives - Ch\u00e2teau de Cabidos","robots":{"index":"index","follow":"follow","max-snippet":"max-snippet:-1","max-image-preview":"max-image-preview:large","max-video-preview":"max-video-preview:-1"},"canonical":"https:\/\/www.chateau-de-cabidos.com\/en\/les-archives-de-cabidos\/","og_locale":"en_US","og_type":"article","og_title":"The Cabidos Archives - Ch\u00e2teau de Cabidos","og_description":"Arnauton Guilhem Du Vignau: \u201cI set forth\u201d The 9th April 1419, in the year of our Lord. It was not [&hellip;]","og_url":"https:\/\/www.chateau-de-cabidos.com\/en\/les-archives-de-cabidos\/","og_site_name":"Ch\u00e2teau de Cabidos","og_image":[{"url":"http:\/\/www.chateau-de-cabidos.com\/wp-content\/uploads\/2015\/10\/blason-300x254.jpg","type":"","width":"","height":""}],"twitter_card":"summary_large_image","twitter_misc":{"Est. reading time":"15 minutes"},"schema":{"@context":"https:\/\/schema.org","@graph":[{"@type":"WebPage","@id":"https:\/\/www.chateau-de-cabidos.com\/en\/les-archives-de-cabidos\/","url":"https:\/\/www.chateau-de-cabidos.com\/en\/les-archives-de-cabidos\/","name":"The Cabidos Archives - Ch\u00e2teau de Cabidos","isPartOf":{"@id":"https:\/\/www.chateau-de-cabidos.com\/en\/#website"},"primaryImageOfPage":{"@id":"https:\/\/www.chateau-de-cabidos.com\/en\/les-archives-de-cabidos\/#primaryimage"},"image":{"@id":"https:\/\/www.chateau-de-cabidos.com\/les-archives-de-cabidos\/#primaryimage"},"thumbnailUrl":"http:\/\/www.chateau-de-cabidos.com\/wp-content\/uploads\/2015\/10\/blason-300x254.jpg","datePublished":"2018-09-17T09:48:49+00:00","breadcrumb":{"@id":"https:\/\/www.chateau-de-cabidos.com\/en\/les-archives-de-cabidos\/#breadcrumb"},"inLanguage":"en-US","potentialAction":[{"@type":"ReadAction","target":[["https:\/\/www.chateau-de-cabidos.com\/en\/les-archives-de-cabidos\/"]]}]},{"@type":"ImageObject","inLanguage":"en-US","@id":"https:\/\/www.chateau-de-cabidos.com\/en\/les-archives-de-cabidos\/#primaryimage","url":"http:\/\/www.chateau-de-cabidos.com\/wp-content\/uploads\/2015\/10\/blason-300x254.jpg","contentUrl":"http:\/\/www.chateau-de-cabidos.com\/wp-content\/uploads\/2015\/10\/blason-300x254.jpg"},{"@type":"BreadcrumbList","@id":"https:\/\/www.chateau-de-cabidos.com\/en\/les-archives-de-cabidos\/#breadcrumb","itemListElement":[{"@type":"ListItem","position":1,"name":"Accueil","item":"https:\/\/www.chateau-de-cabidos.com\/en\/"},{"@type":"ListItem","position":2,"name":"Les archives de Cabidos"}]},{"@type":"WebSite","@id":"https:\/\/www.chateau-de-cabidos.com\/en\/#website","url":"https:\/\/www.chateau-de-cabidos.com\/en\/","name":"Ch\u00e2teau de Cabidos","description":"","potentialAction":[{"@type":"SearchAction","target":{"@type":"EntryPoint","urlTemplate":"https:\/\/www.chateau-de-cabidos.com\/en\/?s={search_term_string}"},"query-input":{"@type":"PropertyValueSpecification","valueRequired":true,"valueName":"search_term_string"}}],"inLanguage":"en-US"}]}},"_links":{"self":[{"href":"https:\/\/www.chateau-de-cabidos.com\/en\/wp-json\/wp\/v2\/pages\/750","targetHints":{"allow":["GET"]}}],"collection":[{"href":"https:\/\/www.chateau-de-cabidos.com\/en\/wp-json\/wp\/v2\/pages"}],"about":[{"href":"https:\/\/www.chateau-de-cabidos.com\/en\/wp-json\/wp\/v2\/types\/page"}],"author":[{"embeddable":true,"href":"https:\/\/www.chateau-de-cabidos.com\/en\/wp-json\/wp\/v2\/users\/1"}],"replies":[{"embeddable":true,"href":"https:\/\/www.chateau-de-cabidos.com\/en\/wp-json\/wp\/v2\/comments?post=750"}],"version-history":[{"count":1,"href":"https:\/\/www.chateau-de-cabidos.com\/en\/wp-json\/wp\/v2\/pages\/750\/revisions"}],"predecessor-version":[{"id":751,"href":"https:\/\/www.chateau-de-cabidos.com\/en\/wp-json\/wp\/v2\/pages\/750\/revisions\/751"}],"wp:attachment":[{"href":"https:\/\/www.chateau-de-cabidos.com\/en\/wp-json\/wp\/v2\/media?parent=750"}],"curies":[{"name":"wp","href":"https:\/\/api.w.org\/{rel}","templated":true}]}}