{"id":287,"date":"2015-11-05T07:59:32","date_gmt":"2015-11-05T06:59:32","guid":{"rendered":"http:\/\/www.chateau-de-cabidos.com\/produit\/cuvee-comte-philippe-sec\/"},"modified":"2025-09-25T10:48:10","modified_gmt":"2025-09-25T09:48:10","slug":"cuvee-gaston-phoebus-petit-manseng-sec","status":"publish","type":"product","link":"https:\/\/www.chateau-de-cabidos.com\/en\/nos-vins\/vin-blanc-sec\/cuvee-gaston-phoebus-petit-manseng-sec\/","title":{"rendered":"Cuv\u00e9e Gaston Phoebus Petit Manseng Sec"},"content":{"rendered":"","protected":false},"excerpt":{"rendered":"","protected":false},"featured_media":565,"template":"","meta":{"_acf_changed":false},"product_brand":[],"product_cat":[9],"product_tag":[],"class_list":{"0":"post-287","1":"product","2":"type-product","3":"status-publish","4":"has-post-thumbnail","6":"product_cat-vin-blanc-sec","8":"first","9":"instock","10":"taxable","11":"shipping-taxable","12":"purchasable","13":"product-type-variable","14":"has-default-attributes"},"acf":[],"yoast_head":"<!-- This site is optimized with the Yoast SEO plugin v27.3 - https:\/\/yoast.com\/product\/yoast-seo-wordpress\/ -->\n<title>Tr\u00e8s expressif avec un bouquet de fruits exotiques<\/title>\n<meta name=\"description\" content=\"Une belle couleur jaune paille, Ample avec une tr\u00e8s belle vivacit\u00e9 et une longue finale. Un vin de garde qui peut vieillir en cave jusqu\u2019\u00e0 8 ou 9 ans\" \/>\n<meta name=\"robots\" content=\"index, follow, max-snippet:-1, max-image-preview:large, max-video-preview:-1\" \/>\n<link rel=\"canonical\" href=\"https:\/\/www.chateau-de-cabidos.com\/en\/nos-vins\/vin-blanc-sec\/cuvee-gaston-phoebus-petit-manseng-sec\/\" \/>\n<meta property=\"og:locale\" content=\"en_US\" \/>\n<meta property=\"og:type\" content=\"article\" \/>\n<meta property=\"og:title\" content=\"Tr\u00e8s expressif avec un bouquet de fruits exotiques\" \/>\n<meta property=\"og:description\" content=\"Une belle couleur jaune paille, Ample avec une tr\u00e8s belle vivacit\u00e9 et une longue finale. Un vin de garde qui peut vieillir en cave jusqu\u2019\u00e0 8 ou 9 ans\" \/>\n<meta property=\"og:url\" content=\"https:\/\/www.chateau-de-cabidos.com\/en\/nos-vins\/vin-blanc-sec\/cuvee-gaston-phoebus-petit-manseng-sec\/\" \/>\n<meta property=\"og:site_name\" content=\"Ch\u00e2teau de Cabidos\" \/>\n<meta property=\"article:modified_time\" content=\"2025-09-25T09:48:10+00:00\" \/>\n<meta property=\"og:image\" content=\"https:\/\/www.chateau-de-cabidos.com\/wp-content\/uploads\/2015\/10\/cuvee-gaston-pheobus-petit-manseng-sec.png\" \/>\n\t<meta property=\"og:image:width\" content=\"149\" \/>\n\t<meta property=\"og:image:height\" content=\"600\" \/>\n\t<meta property=\"og:image:type\" content=\"image\/png\" \/>\n<meta name=\"twitter:card\" content=\"summary_large_image\" \/>\n<meta name=\"twitter:label1\" content=\"Est. reading time\" \/>\n\t<meta name=\"twitter:data1\" content=\"1 minute\" \/>\n<script type=\"application\/ld+json\" class=\"yoast-schema-graph\">{\"@context\":\"https:\\\/\\\/schema.org\",\"@graph\":[{\"@type\":\"WebPage\",\"@id\":\"https:\\\/\\\/www.chateau-de-cabidos.com\\\/en\\\/nos-vins\\\/vin-blanc-sec\\\/cuvee-gaston-phoebus-petit-manseng-sec\\\/\",\"url\":\"https:\\\/\\\/www.chateau-de-cabidos.com\\\/en\\\/nos-vins\\\/vin-blanc-sec\\\/cuvee-gaston-phoebus-petit-manseng-sec\\\/\",\"name\":\"Tr\u00e8s expressif avec un bouquet de fruits exotiques\",\"isPartOf\":{\"@id\":\"https:\\\/\\\/www.chateau-de-cabidos.com\\\/en\\\/#website\"},\"primaryImageOfPage\":{\"@id\":\"https:\\\/\\\/www.chateau-de-cabidos.com\\\/en\\\/nos-vins\\\/vin-blanc-sec\\\/cuvee-gaston-phoebus-petit-manseng-sec\\\/#primaryimage\"},\"image\":{\"@id\":\"https:\\\/\\\/www.chateau-de-cabidos.com\\\/nos-vins\\\/vin-blanc-sec\\\/cuvee-gaston-phoebus-petit-manseng-sec\\\/#primaryimage\"},\"thumbnailUrl\":\"https:\\\/\\\/www.chateau-de-cabidos.com\\\/wp-content\\\/uploads\\\/2015\\\/10\\\/cuvee-gaston-pheobus-petit-manseng-sec.png\",\"datePublished\":\"2015-11-05T06:59:32+00:00\",\"dateModified\":\"2025-09-25T09:48:10+00:00\",\"description\":\"Une belle couleur jaune paille, Ample avec une tr\u00e8s belle vivacit\u00e9 et une longue finale. Un vin de garde qui peut vieillir en cave jusqu\u2019\u00e0 8 ou 9 ans\",\"breadcrumb\":{\"@id\":\"https:\\\/\\\/www.chateau-de-cabidos.com\\\/en\\\/nos-vins\\\/vin-blanc-sec\\\/cuvee-gaston-phoebus-petit-manseng-sec\\\/#breadcrumb\"},\"inLanguage\":\"en-US\",\"potentialAction\":[{\"@type\":\"ReadAction\",\"target\":[[\"https:\\\/\\\/www.chateau-de-cabidos.com\\\/en\\\/nos-vins\\\/vin-blanc-sec\\\/cuvee-gaston-phoebus-petit-manseng-sec\\\/\"]]}]},{\"@type\":\"ImageObject\",\"inLanguage\":\"en-US\",\"@id\":\"https:\\\/\\\/www.chateau-de-cabidos.com\\\/en\\\/nos-vins\\\/vin-blanc-sec\\\/cuvee-gaston-phoebus-petit-manseng-sec\\\/#primaryimage\",\"url\":\"https:\\\/\\\/www.chateau-de-cabidos.com\\\/wp-content\\\/uploads\\\/2015\\\/10\\\/cuvee-gaston-pheobus-petit-manseng-sec.png\",\"contentUrl\":\"https:\\\/\\\/www.chateau-de-cabidos.com\\\/wp-content\\\/uploads\\\/2015\\\/10\\\/cuvee-gaston-pheobus-petit-manseng-sec.png\",\"width\":149,\"height\":600},{\"@type\":\"BreadcrumbList\",\"@id\":\"https:\\\/\\\/www.chateau-de-cabidos.com\\\/en\\\/nos-vins\\\/vin-blanc-sec\\\/cuvee-gaston-phoebus-petit-manseng-sec\\\/#breadcrumb\",\"itemListElement\":[{\"@type\":\"ListItem\",\"position\":1,\"name\":\"Accueil\",\"item\":\"https:\\\/\\\/www.chateau-de-cabidos.com\\\/en\\\/\"},{\"@type\":\"ListItem\",\"position\":2,\"name\":\"Nos vins\",\"item\":\"https:\\\/\\\/www.chateau-de-cabidos.com\\\/en\\\/nos-vins\\\/\"},{\"@type\":\"ListItem\",\"position\":3,\"name\":\"Vin blanc sec\",\"item\":\"https:\\\/\\\/www.chateau-de-cabidos.com\\\/en\\\/categorie-produit\\\/vin-blanc-sec\\\/\"},{\"@type\":\"ListItem\",\"position\":4,\"name\":\"Cuv\u00e9e Gaston Phoebus Petit Manseng Sec\"}]},{\"@type\":\"WebSite\",\"@id\":\"https:\\\/\\\/www.chateau-de-cabidos.com\\\/en\\\/#website\",\"url\":\"https:\\\/\\\/www.chateau-de-cabidos.com\\\/en\\\/\",\"name\":\"Ch\u00e2teau de Cabidos\",\"description\":\"\",\"potentialAction\":[{\"@type\":\"SearchAction\",\"target\":{\"@type\":\"EntryPoint\",\"urlTemplate\":\"https:\\\/\\\/www.chateau-de-cabidos.com\\\/en\\\/?s={search_term_string}\"},\"query-input\":{\"@type\":\"PropertyValueSpecification\",\"valueRequired\":true,\"valueName\":\"search_term_string\"}}],\"inLanguage\":\"en-US\"}]}<\/script>\n<!-- \/ Yoast SEO plugin. -->","yoast_head_json":{"title":"Tr\u00e8s expressif avec un bouquet de fruits exotiques","description":"Une belle couleur jaune paille, Ample avec une tr\u00e8s belle vivacit\u00e9 et une longue finale. Un vin de garde qui peut vieillir en cave jusqu\u2019\u00e0 8 ou 9 ans","robots":{"index":"index","follow":"follow","max-snippet":"max-snippet:-1","max-image-preview":"max-image-preview:large","max-video-preview":"max-video-preview:-1"},"canonical":"https:\/\/www.chateau-de-cabidos.com\/en\/nos-vins\/vin-blanc-sec\/cuvee-gaston-phoebus-petit-manseng-sec\/","og_locale":"en_US","og_type":"article","og_title":"Tr\u00e8s expressif avec un bouquet de fruits exotiques","og_description":"Une belle couleur jaune paille, Ample avec une tr\u00e8s belle vivacit\u00e9 et une longue finale. Un vin de garde qui peut vieillir en cave jusqu\u2019\u00e0 8 ou 9 ans","og_url":"https:\/\/www.chateau-de-cabidos.com\/en\/nos-vins\/vin-blanc-sec\/cuvee-gaston-phoebus-petit-manseng-sec\/","og_site_name":"Ch\u00e2teau de Cabidos","article_modified_time":"2025-09-25T09:48:10+00:00","og_image":[{"width":149,"height":600,"url":"https:\/\/www.chateau-de-cabidos.com\/wp-content\/uploads\/2015\/10\/cuvee-gaston-pheobus-petit-manseng-sec.png","type":"image\/png"}],"twitter_card":"summary_large_image","twitter_misc":{"Est. reading time":"1 minute"},"schema":{"@context":"https:\/\/schema.org","@graph":[{"@type":"WebPage","@id":"https:\/\/www.chateau-de-cabidos.com\/en\/nos-vins\/vin-blanc-sec\/cuvee-gaston-phoebus-petit-manseng-sec\/","url":"https:\/\/www.chateau-de-cabidos.com\/en\/nos-vins\/vin-blanc-sec\/cuvee-gaston-phoebus-petit-manseng-sec\/","name":"Tr\u00e8s expressif avec un bouquet de fruits exotiques","isPartOf":{"@id":"https:\/\/www.chateau-de-cabidos.com\/en\/#website"},"primaryImageOfPage":{"@id":"https:\/\/www.chateau-de-cabidos.com\/en\/nos-vins\/vin-blanc-sec\/cuvee-gaston-phoebus-petit-manseng-sec\/#primaryimage"},"image":{"@id":"https:\/\/www.chateau-de-cabidos.com\/nos-vins\/vin-blanc-sec\/cuvee-gaston-phoebus-petit-manseng-sec\/#primaryimage"},"thumbnailUrl":"https:\/\/www.chateau-de-cabidos.com\/wp-content\/uploads\/2015\/10\/cuvee-gaston-pheobus-petit-manseng-sec.png","datePublished":"2015-11-05T06:59:32+00:00","dateModified":"2025-09-25T09:48:10+00:00","description":"Une belle couleur jaune paille, Ample avec une tr\u00e8s belle vivacit\u00e9 et une longue finale. Un vin de garde qui peut vieillir en cave jusqu\u2019\u00e0 8 ou 9 ans","breadcrumb":{"@id":"https:\/\/www.chateau-de-cabidos.com\/en\/nos-vins\/vin-blanc-sec\/cuvee-gaston-phoebus-petit-manseng-sec\/#breadcrumb"},"inLanguage":"en-US","potentialAction":[{"@type":"ReadAction","target":[["https:\/\/www.chateau-de-cabidos.com\/en\/nos-vins\/vin-blanc-sec\/cuvee-gaston-phoebus-petit-manseng-sec\/"]]}]},{"@type":"ImageObject","inLanguage":"en-US","@id":"https:\/\/www.chateau-de-cabidos.com\/en\/nos-vins\/vin-blanc-sec\/cuvee-gaston-phoebus-petit-manseng-sec\/#primaryimage","url":"https:\/\/www.chateau-de-cabidos.com\/wp-content\/uploads\/2015\/10\/cuvee-gaston-pheobus-petit-manseng-sec.png","contentUrl":"https:\/\/www.chateau-de-cabidos.com\/wp-content\/uploads\/2015\/10\/cuvee-gaston-pheobus-petit-manseng-sec.png","width":149,"height":600},{"@type":"BreadcrumbList","@id":"https:\/\/www.chateau-de-cabidos.com\/en\/nos-vins\/vin-blanc-sec\/cuvee-gaston-phoebus-petit-manseng-sec\/#breadcrumb","itemListElement":[{"@type":"ListItem","position":1,"name":"Accueil","item":"https:\/\/www.chateau-de-cabidos.com\/en\/"},{"@type":"ListItem","position":2,"name":"Nos vins","item":"https:\/\/www.chateau-de-cabidos.com\/en\/nos-vins\/"},{"@type":"ListItem","position":3,"name":"Vin blanc sec","item":"https:\/\/www.chateau-de-cabidos.com\/en\/categorie-produit\/vin-blanc-sec\/"},{"@type":"ListItem","position":4,"name":"Cuv\u00e9e Gaston Phoebus Petit Manseng Sec"}]},{"@type":"WebSite","@id":"https:\/\/www.chateau-de-cabidos.com\/en\/#website","url":"https:\/\/www.chateau-de-cabidos.com\/en\/","name":"Ch\u00e2teau de Cabidos","description":"","potentialAction":[{"@type":"SearchAction","target":{"@type":"EntryPoint","urlTemplate":"https:\/\/www.chateau-de-cabidos.com\/en\/?s={search_term_string}"},"query-input":{"@type":"PropertyValueSpecification","valueRequired":true,"valueName":"search_term_string"}}],"inLanguage":"en-US"}]}},"_links":{"self":[{"href":"https:\/\/www.chateau-de-cabidos.com\/en\/wp-json\/wp\/v2\/product\/287","targetHints":{"allow":["GET"]}}],"collection":[{"href":"https:\/\/www.chateau-de-cabidos.com\/en\/wp-json\/wp\/v2\/product"}],"about":[{"href":"https:\/\/www.chateau-de-cabidos.com\/en\/wp-json\/wp\/v2\/types\/product"}],"wp:featuredmedia":[{"embeddable":true,"href":"https:\/\/www.chateau-de-cabidos.com\/en\/wp-json\/wp\/v2\/media\/565"}],"wp:attachment":[{"href":"https:\/\/www.chateau-de-cabidos.com\/en\/wp-json\/wp\/v2\/media?parent=287"}],"wp:term":[{"taxonomy":"product_brand","embeddable":true,"href":"https:\/\/www.chateau-de-cabidos.com\/en\/wp-json\/wp\/v2\/product_brand?post=287"},{"taxonomy":"product_cat","embeddable":true,"href":"https:\/\/www.chateau-de-cabidos.com\/en\/wp-json\/wp\/v2\/product_cat?post=287"},{"taxonomy":"product_tag","embeddable":true,"href":"https:\/\/www.chateau-de-cabidos.com\/en\/wp-json\/wp\/v2\/product_tag?post=287"}],"curies":[{"name":"wp","href":"https:\/\/api.w.org\/{rel}","templated":true}]}}