{"id":678,"date":"2017-12-21T10:10:59","date_gmt":"2017-12-21T09:10:59","guid":{"rendered":"http:\/\/www.chateau-de-cabidos.com\/?post_type=product&#038;p=678"},"modified":"2025-09-25T10:45:29","modified_gmt":"2025-09-25T09:45:29","slug":"le-pic","status":"publish","type":"product","link":"https:\/\/www.chateau-de-cabidos.com\/en\/nos-vins\/vin-blanc-sec\/le-pic\/","title":{"rendered":"Le Pic"},"content":{"rendered":"<p><\/p>\n<p>Sauvignon, Chardonnay and a touch of Petit Manseng make an easy-drinking blend.<\/p>\n<p><\/p>","protected":false},"excerpt":{"rendered":"<p>Sauvignon, Chardonnay and a touch of Petit Manseng make an easy-drinking blend.<\/p>\n","protected":false},"featured_media":1247,"template":"","meta":{"_acf_changed":false},"product_brand":[],"product_cat":[9],"product_tag":[],"class_list":{"0":"post-678","1":"product","2":"type-product","3":"status-publish","4":"has-post-thumbnail","6":"product_cat-vin-blanc-sec","8":"first","9":"instock","10":"taxable","11":"shipping-taxable","12":"purchasable","13":"product-type-variable","14":"has-default-attributes"},"acf":[],"yoast_head":"<!-- This site is optimized with the Yoast SEO plugin v27.4 - https:\/\/yoast.com\/product\/yoast-seo-wordpress\/ -->\n<title>Vin d&#039;exception r\u00e9alis\u00e9 \u00e0 partir des vignes les plus anciennes<\/title>\n<meta name=\"description\" content=\"L\u2019Or de Cabidos est une cuv\u00e9e rarement produite.le haut de gamme du domaine, la cuv\u00e9e l\u2019Or de Cabidos est produite en petites quantit\u00e9s\" \/>\n<meta name=\"robots\" content=\"index, follow, max-snippet:-1, max-image-preview:large, max-video-preview:-1\" \/>\n<link rel=\"canonical\" href=\"https:\/\/www.chateau-de-cabidos.com\/en\/nos-vins\/vin-blanc-sec\/le-pic\/\" \/>\n<meta property=\"og:locale\" content=\"en_US\" \/>\n<meta property=\"og:type\" content=\"article\" \/>\n<meta property=\"og:title\" content=\"Vin d&#039;exception r\u00e9alis\u00e9 \u00e0 partir des vignes les plus anciennes\" \/>\n<meta property=\"og:description\" content=\"L\u2019Or de Cabidos est une cuv\u00e9e rarement produite.le haut de gamme du domaine, la cuv\u00e9e l\u2019Or de Cabidos est produite en petites quantit\u00e9s\" \/>\n<meta property=\"og:url\" content=\"https:\/\/www.chateau-de-cabidos.com\/en\/nos-vins\/vin-blanc-sec\/le-pic\/\" \/>\n<meta property=\"og:site_name\" content=\"Ch\u00e2teau de Cabidos\" \/>\n<meta property=\"article:modified_time\" content=\"2025-09-25T09:45:29+00:00\" \/>\n<meta property=\"og:image\" content=\"https:\/\/www.chateau-de-cabidos.com\/wp-content\/uploads\/2017\/12\/le-pic-2020.jpg\" \/>\n\t<meta property=\"og:image:width\" content=\"150\" \/>\n\t<meta property=\"og:image:height\" content=\"599\" \/>\n\t<meta property=\"og:image:type\" content=\"image\/jpeg\" \/>\n<meta name=\"twitter:card\" content=\"summary_large_image\" \/>\n<meta name=\"twitter:label1\" content=\"Est. reading time\" \/>\n\t<meta name=\"twitter:data1\" content=\"1 minute\" \/>\n<script type=\"application\/ld+json\" class=\"yoast-schema-graph\">{\"@context\":\"https:\\\/\\\/schema.org\",\"@graph\":[{\"@type\":\"WebPage\",\"@id\":\"https:\\\/\\\/www.chateau-de-cabidos.com\\\/en\\\/nos-vins\\\/vin-blanc-sec\\\/le-pic\\\/\",\"url\":\"https:\\\/\\\/www.chateau-de-cabidos.com\\\/en\\\/nos-vins\\\/vin-blanc-sec\\\/le-pic\\\/\",\"name\":\"Vin d'exception r\u00e9alis\u00e9 \u00e0 partir des vignes les plus anciennes\",\"isPartOf\":{\"@id\":\"https:\\\/\\\/www.chateau-de-cabidos.com\\\/en\\\/#website\"},\"primaryImageOfPage\":{\"@id\":\"https:\\\/\\\/www.chateau-de-cabidos.com\\\/en\\\/nos-vins\\\/vin-blanc-sec\\\/le-pic\\\/#primaryimage\"},\"image\":{\"@id\":\"https:\\\/\\\/www.chateau-de-cabidos.com\\\/nos-vins\\\/vin-blanc-sec\\\/le-pic\\\/#primaryimage\"},\"thumbnailUrl\":\"https:\\\/\\\/www.chateau-de-cabidos.com\\\/wp-content\\\/uploads\\\/2017\\\/12\\\/le-pic-2020.jpg\",\"datePublished\":\"2017-12-21T09:10:59+00:00\",\"dateModified\":\"2025-09-25T09:45:29+00:00\",\"description\":\"L\u2019Or de Cabidos est une cuv\u00e9e rarement produite.le haut de gamme du domaine, la cuv\u00e9e l\u2019Or de Cabidos est produite en petites quantit\u00e9s\",\"breadcrumb\":{\"@id\":\"https:\\\/\\\/www.chateau-de-cabidos.com\\\/en\\\/nos-vins\\\/vin-blanc-sec\\\/le-pic\\\/#breadcrumb\"},\"inLanguage\":\"en-US\",\"potentialAction\":[{\"@type\":\"ReadAction\",\"target\":[[\"https:\\\/\\\/www.chateau-de-cabidos.com\\\/en\\\/nos-vins\\\/vin-blanc-sec\\\/le-pic\\\/\"]]}]},{\"@type\":\"ImageObject\",\"inLanguage\":\"en-US\",\"@id\":\"https:\\\/\\\/www.chateau-de-cabidos.com\\\/en\\\/nos-vins\\\/vin-blanc-sec\\\/le-pic\\\/#primaryimage\",\"url\":\"https:\\\/\\\/www.chateau-de-cabidos.com\\\/wp-content\\\/uploads\\\/2017\\\/12\\\/le-pic-2020.jpg\",\"contentUrl\":\"https:\\\/\\\/www.chateau-de-cabidos.com\\\/wp-content\\\/uploads\\\/2017\\\/12\\\/le-pic-2020.jpg\",\"width\":150,\"height\":599},{\"@type\":\"BreadcrumbList\",\"@id\":\"https:\\\/\\\/www.chateau-de-cabidos.com\\\/en\\\/nos-vins\\\/vin-blanc-sec\\\/le-pic\\\/#breadcrumb\",\"itemListElement\":[{\"@type\":\"ListItem\",\"position\":1,\"name\":\"Accueil\",\"item\":\"https:\\\/\\\/www.chateau-de-cabidos.com\\\/en\\\/\"},{\"@type\":\"ListItem\",\"position\":2,\"name\":\"Nos vins\",\"item\":\"https:\\\/\\\/www.chateau-de-cabidos.com\\\/en\\\/nos-vins\\\/\"},{\"@type\":\"ListItem\",\"position\":3,\"name\":\"Vin blanc sec\",\"item\":\"https:\\\/\\\/www.chateau-de-cabidos.com\\\/en\\\/categorie-produit\\\/vin-blanc-sec\\\/\"},{\"@type\":\"ListItem\",\"position\":4,\"name\":\"Le Pic\"}]},{\"@type\":\"WebSite\",\"@id\":\"https:\\\/\\\/www.chateau-de-cabidos.com\\\/en\\\/#website\",\"url\":\"https:\\\/\\\/www.chateau-de-cabidos.com\\\/en\\\/\",\"name\":\"Ch\u00e2teau de Cabidos\",\"description\":\"\",\"potentialAction\":[{\"@type\":\"SearchAction\",\"target\":{\"@type\":\"EntryPoint\",\"urlTemplate\":\"https:\\\/\\\/www.chateau-de-cabidos.com\\\/en\\\/?s={search_term_string}\"},\"query-input\":{\"@type\":\"PropertyValueSpecification\",\"valueRequired\":true,\"valueName\":\"search_term_string\"}}],\"inLanguage\":\"en-US\"}]}<\/script>\n<!-- \/ Yoast SEO plugin. -->","yoast_head_json":{"title":"Vin d'exception r\u00e9alis\u00e9 \u00e0 partir des vignes les plus anciennes","description":"L\u2019Or de Cabidos est une cuv\u00e9e rarement produite.le haut de gamme du domaine, la cuv\u00e9e l\u2019Or de Cabidos est produite en petites quantit\u00e9s","robots":{"index":"index","follow":"follow","max-snippet":"max-snippet:-1","max-image-preview":"max-image-preview:large","max-video-preview":"max-video-preview:-1"},"canonical":"https:\/\/www.chateau-de-cabidos.com\/en\/nos-vins\/vin-blanc-sec\/le-pic\/","og_locale":"en_US","og_type":"article","og_title":"Vin d'exception r\u00e9alis\u00e9 \u00e0 partir des vignes les plus anciennes","og_description":"L\u2019Or de Cabidos est une cuv\u00e9e rarement produite.le haut de gamme du domaine, la cuv\u00e9e l\u2019Or de Cabidos est produite en petites quantit\u00e9s","og_url":"https:\/\/www.chateau-de-cabidos.com\/en\/nos-vins\/vin-blanc-sec\/le-pic\/","og_site_name":"Ch\u00e2teau de Cabidos","article_modified_time":"2025-09-25T09:45:29+00:00","og_image":[{"width":150,"height":599,"url":"https:\/\/www.chateau-de-cabidos.com\/wp-content\/uploads\/2017\/12\/le-pic-2020.jpg","type":"image\/jpeg"}],"twitter_card":"summary_large_image","twitter_misc":{"Est. reading time":"1 minute"},"schema":{"@context":"https:\/\/schema.org","@graph":[{"@type":"WebPage","@id":"https:\/\/www.chateau-de-cabidos.com\/en\/nos-vins\/vin-blanc-sec\/le-pic\/","url":"https:\/\/www.chateau-de-cabidos.com\/en\/nos-vins\/vin-blanc-sec\/le-pic\/","name":"Vin d'exception r\u00e9alis\u00e9 \u00e0 partir des vignes les plus anciennes","isPartOf":{"@id":"https:\/\/www.chateau-de-cabidos.com\/en\/#website"},"primaryImageOfPage":{"@id":"https:\/\/www.chateau-de-cabidos.com\/en\/nos-vins\/vin-blanc-sec\/le-pic\/#primaryimage"},"image":{"@id":"https:\/\/www.chateau-de-cabidos.com\/nos-vins\/vin-blanc-sec\/le-pic\/#primaryimage"},"thumbnailUrl":"https:\/\/www.chateau-de-cabidos.com\/wp-content\/uploads\/2017\/12\/le-pic-2020.jpg","datePublished":"2017-12-21T09:10:59+00:00","dateModified":"2025-09-25T09:45:29+00:00","description":"L\u2019Or de Cabidos est une cuv\u00e9e rarement produite.le haut de gamme du domaine, la cuv\u00e9e l\u2019Or de Cabidos est produite en petites quantit\u00e9s","breadcrumb":{"@id":"https:\/\/www.chateau-de-cabidos.com\/en\/nos-vins\/vin-blanc-sec\/le-pic\/#breadcrumb"},"inLanguage":"en-US","potentialAction":[{"@type":"ReadAction","target":[["https:\/\/www.chateau-de-cabidos.com\/en\/nos-vins\/vin-blanc-sec\/le-pic\/"]]}]},{"@type":"ImageObject","inLanguage":"en-US","@id":"https:\/\/www.chateau-de-cabidos.com\/en\/nos-vins\/vin-blanc-sec\/le-pic\/#primaryimage","url":"https:\/\/www.chateau-de-cabidos.com\/wp-content\/uploads\/2017\/12\/le-pic-2020.jpg","contentUrl":"https:\/\/www.chateau-de-cabidos.com\/wp-content\/uploads\/2017\/12\/le-pic-2020.jpg","width":150,"height":599},{"@type":"BreadcrumbList","@id":"https:\/\/www.chateau-de-cabidos.com\/en\/nos-vins\/vin-blanc-sec\/le-pic\/#breadcrumb","itemListElement":[{"@type":"ListItem","position":1,"name":"Accueil","item":"https:\/\/www.chateau-de-cabidos.com\/en\/"},{"@type":"ListItem","position":2,"name":"Nos vins","item":"https:\/\/www.chateau-de-cabidos.com\/en\/nos-vins\/"},{"@type":"ListItem","position":3,"name":"Vin blanc sec","item":"https:\/\/www.chateau-de-cabidos.com\/en\/categorie-produit\/vin-blanc-sec\/"},{"@type":"ListItem","position":4,"name":"Le Pic"}]},{"@type":"WebSite","@id":"https:\/\/www.chateau-de-cabidos.com\/en\/#website","url":"https:\/\/www.chateau-de-cabidos.com\/en\/","name":"Ch\u00e2teau de Cabidos","description":"","potentialAction":[{"@type":"SearchAction","target":{"@type":"EntryPoint","urlTemplate":"https:\/\/www.chateau-de-cabidos.com\/en\/?s={search_term_string}"},"query-input":{"@type":"PropertyValueSpecification","valueRequired":true,"valueName":"search_term_string"}}],"inLanguage":"en-US"}]}},"_links":{"self":[{"href":"https:\/\/www.chateau-de-cabidos.com\/en\/wp-json\/wp\/v2\/product\/678","targetHints":{"allow":["GET"]}}],"collection":[{"href":"https:\/\/www.chateau-de-cabidos.com\/en\/wp-json\/wp\/v2\/product"}],"about":[{"href":"https:\/\/www.chateau-de-cabidos.com\/en\/wp-json\/wp\/v2\/types\/product"}],"wp:featuredmedia":[{"embeddable":true,"href":"https:\/\/www.chateau-de-cabidos.com\/en\/wp-json\/wp\/v2\/media\/1247"}],"wp:attachment":[{"href":"https:\/\/www.chateau-de-cabidos.com\/en\/wp-json\/wp\/v2\/media?parent=678"}],"wp:term":[{"taxonomy":"product_brand","embeddable":true,"href":"https:\/\/www.chateau-de-cabidos.com\/en\/wp-json\/wp\/v2\/product_brand?post=678"},{"taxonomy":"product_cat","embeddable":true,"href":"https:\/\/www.chateau-de-cabidos.com\/en\/wp-json\/wp\/v2\/product_cat?post=678"},{"taxonomy":"product_tag","embeddable":true,"href":"https:\/\/www.chateau-de-cabidos.com\/en\/wp-json\/wp\/v2\/product_tag?post=678"}],"curies":[{"name":"wp","href":"https:\/\/api.w.org\/{rel}","templated":true}]}}